{"id":9496,"date":"2025-04-02T17:31:17","date_gmt":"2025-04-02T21:31:17","guid":{"rendered":"https:\/\/littleboxofmagic.ca\/?post_type=product&#038;p=9496"},"modified":"2026-02-27T14:06:25","modified_gmt":"2026-02-27T19:06:25","slug":"magic-of-warhol-digital-download-fr","status":"publish","type":"product","link":"https:\/\/littleboxofmagic.ca\/fr\/product\/magic-of-warhol-digital-download-fr\/","title":{"rendered":"Projet artistique num\u00e9rique la magie de Warhol"},"content":{"rendered":"<p><strong>La magie de Warhol : une exp\u00e9rience pop art amusante et cr\u00e9ative pour les enfants ! <\/strong>Laissez votre enfant plonger dans l'univers color\u00e9 d'Andy Warhol avec la magie de<em>\u00a0Warhol<\/em>, une activit\u00e9 artistique passionnante inspir\u00e9e par le l\u00e9gendaire artiste du Pop Art. Ce projet pratique initie les enfants aux c\u00e9l\u00e8bres techniques de peinture de Warhol tout en les aidant \u00e0 d\u00e9velopper des comp\u00e9tences essentielles et \u00e0 profiter d'une exp\u00e9rience th\u00e9rapeutique apaisante.<\/p>\n<p>Qu'est-ce qui rend la magie Warhol si sp\u00e9cial ?<\/p>\n<ul>\n<li><strong>Apprendre \u00e0 conna\u00eetre une ic\u00f4ne du Pop Art :<\/strong> les enfants exploreront les \u0153uvres c\u00e9l\u00e8bres d'Andy Warhol, comme son impression embl\u00e9matique de la bo\u00eete de soupe Campbell, et d\u00e9couvriront comment il utilisait des objets de tous les jours pour cr\u00e9er des \u0153uvres audacieuses et vibrantes.<\/li>\n<li><strong>Cr\u00e9ez comme Warhol :<\/strong> \u00e0 l'aide de pochoirs, de pinceaux pour pochoirs et de peinture liquide, les enfants r\u00e9aliseront leurs propres impressions color\u00e9es en s'inspirant de la technique de s\u00e9rigraphie de Warhol.<\/li>\n<li><strong>Renforcer les comp\u00e9tences en s'amusant :<\/strong> Cette activit\u00e9 aide les enfants \u00e0 am\u00e9liorer leur motricit\u00e9 fine, leurs fonctions ex\u00e9cutives et leurs capacit\u00e9s d'organisation, tout en s'amusant !<\/li>\n<li><strong>Des bienfaits th\u00e9rapeutiques :<\/strong> Peindre et cr\u00e9er des impressions est un processus relaxant qui encourage la concentration, l'expression personnelle et la cr\u00e9ativit\u00e9 dans un environnement sans stress.<\/li>\n<\/ul>\n<p>Avec La magie de Warhol, votre enfant n'apprendra pas seulement l'histoire de l'art, mais il cr\u00e9era aussi ses propres chefs-d'\u0153uvre tout en d\u00e9veloppant de pr\u00e9cieuses aptitudes \u00e0 la vie quotidienne. C'est plus qu'un projet artistique, c'est un voyage cr\u00e9atif inoubliable qui allie apprentissage, amusement et d\u00e9veloppement personnel. Offrez \u00e0 votre enfant le cadeau de la cr\u00e9ativit\u00e9 d\u00e8s aujourd'hui !<\/p>\n<p><strong>Ce que vous recevrez :<\/strong><\/p>\n<p>Votre achat comprendra un fichier PDF des instructions (12 pages), et un fichier PDF de nos dessins \u00e0 colorier (5 pages) le tout en fran\u00e7ais.<\/p>\n<p>\u00c0 noter qu'il s'agit d'un t\u00e9l\u00e9chargement num\u00e9rique. Aucun produit physique ou mat\u00e9riel ne sera exp\u00e9di\u00e9.<\/p>\n<p><strong>Mat\u00e9riel n\u00e9cessaire :<\/strong> <strong>*Feuilles en mousse color\u00e9es, brosse \u00e0 pochoir ou pinceau mousse, gouache liquide, palette de peinture, bol d'eau et papier brouillon.<\/strong><\/p>\n<p><strong>*Notez que le mat\u00e9riel n\u2019est pas inclus avec votre achat.<\/strong><\/p>","protected":false},"excerpt":{"rendered":"<p>La magie de Warhol: A Fun and Creative Pop Art Experience for Kids! Let your child step into the colourful world of Andy Warhol with la magie de\u00a0Warhol, an exciting art activity inspired by the legendary Pop Art artist. This hands-on project introduces kids to Warhol\u2019s famous painting techniques while helping them develop essential skills [&hellip;]<\/p>\n","protected":false},"featured_media":9485,"comment_status":"closed","ping_status":"closed","template":"","meta":{"_seopress_robots_primary_cat":"none","_seopress_titles_title":"","_seopress_titles_desc":"","_seopress_robots_index":""},"language":[89],"customer":[32],"product_brand":[],"product_cat":[27],"product_tag":[143],"giftcard-category":[],"class_list":{"0":"post-9496","1":"product","2":"type-product","3":"status-publish","4":"has-post-thumbnail","6":"language-french-products","7":"customer-friends-family","8":"product_cat-digital-downloads-printables","9":"product_tag-featured-home","11":"first","12":"instock","13":"downloadable","14":"virtual","15":"purchasable","16":"product-type-simple"},"meta_box":[],"_links":{"self":[{"href":"https:\/\/littleboxofmagic.ca\/fr\/wp-json\/wp\/v2\/product\/9496","targetHints":{"allow":["GET"]}}],"collection":[{"href":"https:\/\/littleboxofmagic.ca\/fr\/wp-json\/wp\/v2\/product"}],"about":[{"href":"https:\/\/littleboxofmagic.ca\/fr\/wp-json\/wp\/v2\/types\/product"}],"replies":[{"embeddable":true,"href":"https:\/\/littleboxofmagic.ca\/fr\/wp-json\/wp\/v2\/comments?post=9496"}],"wp:featuredmedia":[{"embeddable":true,"href":"https:\/\/littleboxofmagic.ca\/fr\/wp-json\/wp\/v2\/media\/9485"}],"wp:attachment":[{"href":"https:\/\/littleboxofmagic.ca\/fr\/wp-json\/wp\/v2\/media?parent=9496"}],"wp:term":[{"taxonomy":"language","embeddable":true,"href":"https:\/\/littleboxofmagic.ca\/fr\/wp-json\/wp\/v2\/language?post=9496"},{"taxonomy":"customer","embeddable":true,"href":"https:\/\/littleboxofmagic.ca\/fr\/wp-json\/wp\/v2\/customer?post=9496"},{"taxonomy":"product_brand","embeddable":true,"href":"https:\/\/littleboxofmagic.ca\/fr\/wp-json\/wp\/v2\/product_brand?post=9496"},{"taxonomy":"product_cat","embeddable":true,"href":"https:\/\/littleboxofmagic.ca\/fr\/wp-json\/wp\/v2\/product_cat?post=9496"},{"taxonomy":"product_tag","embeddable":true,"href":"https:\/\/littleboxofmagic.ca\/fr\/wp-json\/wp\/v2\/product_tag?post=9496"},{"taxonomy":"giftcard-category","embeddable":true,"href":"https:\/\/littleboxofmagic.ca\/fr\/wp-json\/wp\/v2\/giftcard-category?post=9496"}],"curies":[{"name":"wp","href":"https:\/\/api.w.org\/{rel}","templated":true}]}}