{"id":9201,"date":"2025-01-13T19:26:19","date_gmt":"2025-01-14T00:26:19","guid":{"rendered":"https:\/\/littleboxofmagic.ca\/?post_type=product&#038;p=9201"},"modified":"2026-02-27T14:08:27","modified_gmt":"2026-02-27T19:08:27","slug":"happy-heart-digital-download","status":"publish","type":"product","link":"https:\/\/littleboxofmagic.ca\/fr\/product\/happy-heart-digital-download\/","title":{"rendered":"Happy Heart Digital Download"},"content":{"rendered":"<p><strong>Description:<\/strong><\/p>\n<p><span style=\"color: #000000;\"><strong>Donnez libre cours \u00e0 l\u2019artiste qui sommeille en vos enfants ! <\/strong>Let them be colourful with self-adhesive gemstones, stickers, watercolour paint and Sharpies to create a Happy Heart inspired by Romero Britto&#8217;s unique Pop Art style! They will learn about the <strong><span style=\"color: #5386c5;\">Happy Art Movement<\/span><\/strong>, learn to create bold geometric designs, explore vibrant colour combinations and master Britto&#8217;s signature thick black outlines and playful patterns.<span style=\"font-size: 10.0pt; font-family: Montserrat;\">\u00a0<\/span><\/span><\/p>\n<p>This activity is designed to foster creativity, enhance sensory experiences, promote fine motor skills and improve organizational and planning skills while enjoying the therapeutic benefits of artmaking. <strong>BE COLOURFUL AND HAVE FUN!<\/strong><\/p>\n<p>Projet artistique inclusif con\u00e7ue pour tous les enfants incluant les enfants et adolescents pr\u00e9sentant des d\u00e9ficiences intellectuelles l\u00e9g\u00e8res, mod\u00e9r\u00e9es et s\u00e9v\u00e8res. Il peut \u00eatre n\u00e9cessaire de consacrer plusieurs sessions \u00e0 sa r\u00e9alisation en fonction de leur attention, comp\u00e9tences motrices fines et niveau d'ind\u00e9pendance.<\/p>\n<p>Surveillance parentale constante requise.<\/p>\n<p>Niveau de difficult\u00e9 : Mod\u00e9r\u00e9<\/p>\n<p><strong>Ce que vous recevrez :<\/strong><\/p>\n<p>Votre achat comprend un fichier PDF des instructions en <strong>anglais <\/strong>(18 pages), one PDF of several different templates (3 pages), one PDF of various doodles and colouring pages (3 pages). Note that this is a digital download. No physical products or materials will be shipped.<\/p>\n<p><strong style=\"font-size: 2rem;\">Materials you will need: multimedia paper, white wax crayon, watercolour paint, paintbrush, Sharpies or markers, self-adhesive gemstones, stickers and scrap paper for practice.\u00a0<\/strong><\/p>\n<p><strong>Optional material: glitter glue, liquid tempera paint, liquid watercolour paint, paint pipette, cotton swabs.<\/strong><\/p>\n<p><strong>*Notez que ce mat\u00e9riel n\u2019est pas inclus avec cet achat.<\/strong><\/p>","protected":false},"excerpt":{"rendered":"<p>Description: Let the artist in your children shine! Let them be colourful with self-adhesive gemstones, stickers, watercolour paint and Sharpies to create a Happy Heart inspired by Romero Britto&#8217;s unique Pop Art style! They will learn about the Happy Art Movement, learn to create bold geometric designs, explore vibrant colour combinations and master Britto&#8217;s signature [&hellip;]<\/p>\n","protected":false},"featured_media":9438,"comment_status":"closed","ping_status":"closed","template":"","meta":{"_seopress_robots_primary_cat":"none","_seopress_titles_title":"","_seopress_titles_desc":"","_seopress_robots_index":""},"language":[88],"customer":[32],"product_brand":[],"product_cat":[27],"product_tag":[143],"giftcard-category":[],"class_list":{"0":"post-9201","1":"product","2":"type-product","3":"status-publish","4":"has-post-thumbnail","6":"language-english-products","7":"customer-friends-family","8":"product_cat-digital-downloads-printables","9":"product_tag-featured-home","11":"first","12":"instock","13":"downloadable","14":"virtual","15":"purchasable","16":"product-type-simple"},"meta_box":[],"_links":{"self":[{"href":"https:\/\/littleboxofmagic.ca\/fr\/wp-json\/wp\/v2\/product\/9201","targetHints":{"allow":["GET"]}}],"collection":[{"href":"https:\/\/littleboxofmagic.ca\/fr\/wp-json\/wp\/v2\/product"}],"about":[{"href":"https:\/\/littleboxofmagic.ca\/fr\/wp-json\/wp\/v2\/types\/product"}],"replies":[{"embeddable":true,"href":"https:\/\/littleboxofmagic.ca\/fr\/wp-json\/wp\/v2\/comments?post=9201"}],"wp:featuredmedia":[{"embeddable":true,"href":"https:\/\/littleboxofmagic.ca\/fr\/wp-json\/wp\/v2\/media\/9438"}],"wp:attachment":[{"href":"https:\/\/littleboxofmagic.ca\/fr\/wp-json\/wp\/v2\/media?parent=9201"}],"wp:term":[{"taxonomy":"language","embeddable":true,"href":"https:\/\/littleboxofmagic.ca\/fr\/wp-json\/wp\/v2\/language?post=9201"},{"taxonomy":"customer","embeddable":true,"href":"https:\/\/littleboxofmagic.ca\/fr\/wp-json\/wp\/v2\/customer?post=9201"},{"taxonomy":"product_brand","embeddable":true,"href":"https:\/\/littleboxofmagic.ca\/fr\/wp-json\/wp\/v2\/product_brand?post=9201"},{"taxonomy":"product_cat","embeddable":true,"href":"https:\/\/littleboxofmagic.ca\/fr\/wp-json\/wp\/v2\/product_cat?post=9201"},{"taxonomy":"product_tag","embeddable":true,"href":"https:\/\/littleboxofmagic.ca\/fr\/wp-json\/wp\/v2\/product_tag?post=9201"},{"taxonomy":"giftcard-category","embeddable":true,"href":"https:\/\/littleboxofmagic.ca\/fr\/wp-json\/wp\/v2\/giftcard-category?post=9201"}],"curies":[{"name":"wp","href":"https:\/\/api.w.org\/{rel}","templated":true}]}}