{"id":8153,"date":"2024-05-16T11:09:44","date_gmt":"2024-05-16T15:09:44","guid":{"rendered":"https:\/\/littleboxofmagic.ca\/?post_type=product&#038;p=8153"},"modified":"2026-04-02T17:18:34","modified_gmt":"2026-04-02T21:18:34","slug":"sunflower-field-art-box","status":"publish","type":"product","link":"https:\/\/littleboxofmagic.ca\/fr\/product\/sunflower-field-art-box\/","title":{"rendered":"Sunflower Field Activity Box"},"content":{"rendered":"<p><strong>Description: <\/strong><\/p>\n<p><strong>Donnez libre cours \u00e0 l\u2019artiste qui sommeille en vos enfants !<\/strong> Dans le cadre de cette activit\u00e9 ils apprendront diff\u00e9rentes techniques de peinture pour r\u00e9aliser une superbe \u0153uvre d\u2019un champ de tournesols \u00e0 la mani\u00e8re de Vincent Van Gogh. Dites adieu au stress li\u00e9 \u00e0 la recherche de fourniture d\u2019art! Cette trousse comprend tout ce dont vos enfants auront besoin, du mat\u00e9riel de haute qualit\u00e9 aux instructions facile \u00e0 suivre, afin que vous puissiez vous concentrer sur ce qui compte le plus : laisser libre cours \u00e0 leur cr\u00e9ativit\u00e9. Cette trousse est con\u00e7ue pour aider \u00e0 am\u00e9liorer leurs comp\u00e9tences en mati\u00e8re d\u2019organisation et de planification tout en cr\u00e9ant des \u0153uvres d\u2019art inspir\u00e9es de la nature. Soyez color\u00e9 et amusez-vous.<\/p>\n<p>Con\u00e7ue pour les enfants pr\u00e9sentant des d\u00e9ficiences intellectuelles l\u00e9g\u00e8res \u00e0 mod\u00e9r\u00e9es.<\/p>\n<p>Surveillance parentale constante requise.<\/p>\n<p>Niveau de difficult\u00e9 : Mod\u00e9r\u00e9<\/p>\n<p><strong>Mat\u00e9riel inclus :<\/strong><\/p>\n<ul>\n<li>Papier multi-technique<\/li>\n<li>Gouache liquide<\/li>\n<li>Gouache m\u00e9tallique<\/li>\n<li>Pinceaux<\/li>\n<li>Palette en plastique<\/li>\n<li>T\u00e9l\u00e9chargement du livret d\u2019instructions et de l\u2019activit\u00e9 d\u2019enrichissement en anglais.<\/li>\n<\/ul>\n<p><strong>Mat\u00e9riel de la maison : crayon \u00e0 la mine, bol d\u2019eau, papier essuie-tout<\/strong><\/p>","protected":false},"excerpt":{"rendered":"<p>Description: Let the artist in your children shine! Let them create a beautiful mixed media composition of a Sunflower Field inspired by Vincent Van Gogh\u2019s unique style, using liquid tempera paint and simple art techniques. Say goodbye to the stress of gathering supplies and figuring out where to begin. Our all-inclusive kits come with everything [&hellip;]<\/p>\n","protected":false},"featured_media":10347,"comment_status":"closed","ping_status":"closed","template":"","meta":{"_seopress_robots_primary_cat":"none","_seopress_titles_title":"","_seopress_titles_desc":"","_seopress_robots_index":""},"language":[88],"customer":[32],"product_brand":[],"product_cat":[25],"product_tag":[143],"giftcard-category":[],"class_list":{"0":"post-8153","1":"product","2":"type-product","3":"status-publish","4":"has-post-thumbnail","6":"language-english-products","7":"customer-friends-family","8":"product_cat-art-activity-boxes","9":"product_tag-featured-home","11":"first","12":"instock","13":"downloadable","14":"purchasable","15":"product-type-simple"},"meta_box":[],"_links":{"self":[{"href":"https:\/\/littleboxofmagic.ca\/fr\/wp-json\/wp\/v2\/product\/8153","targetHints":{"allow":["GET"]}}],"collection":[{"href":"https:\/\/littleboxofmagic.ca\/fr\/wp-json\/wp\/v2\/product"}],"about":[{"href":"https:\/\/littleboxofmagic.ca\/fr\/wp-json\/wp\/v2\/types\/product"}],"replies":[{"embeddable":true,"href":"https:\/\/littleboxofmagic.ca\/fr\/wp-json\/wp\/v2\/comments?post=8153"}],"wp:featuredmedia":[{"embeddable":true,"href":"https:\/\/littleboxofmagic.ca\/fr\/wp-json\/wp\/v2\/media\/10347"}],"wp:attachment":[{"href":"https:\/\/littleboxofmagic.ca\/fr\/wp-json\/wp\/v2\/media?parent=8153"}],"wp:term":[{"taxonomy":"language","embeddable":true,"href":"https:\/\/littleboxofmagic.ca\/fr\/wp-json\/wp\/v2\/language?post=8153"},{"taxonomy":"customer","embeddable":true,"href":"https:\/\/littleboxofmagic.ca\/fr\/wp-json\/wp\/v2\/customer?post=8153"},{"taxonomy":"product_brand","embeddable":true,"href":"https:\/\/littleboxofmagic.ca\/fr\/wp-json\/wp\/v2\/product_brand?post=8153"},{"taxonomy":"product_cat","embeddable":true,"href":"https:\/\/littleboxofmagic.ca\/fr\/wp-json\/wp\/v2\/product_cat?post=8153"},{"taxonomy":"product_tag","embeddable":true,"href":"https:\/\/littleboxofmagic.ca\/fr\/wp-json\/wp\/v2\/product_tag?post=8153"},{"taxonomy":"giftcard-category","embeddable":true,"href":"https:\/\/littleboxofmagic.ca\/fr\/wp-json\/wp\/v2\/giftcard-category?post=8153"}],"curies":[{"name":"wp","href":"https:\/\/api.w.org\/{rel}","templated":true}]}}