{"id":8075,"date":"2024-04-26T10:57:14","date_gmt":"2024-04-26T14:57:14","guid":{"rendered":"https:\/\/littleboxofmagic.ca\/?post_type=product&#038;p=8075"},"modified":"2026-04-02T17:38:32","modified_gmt":"2026-04-02T21:38:32","slug":"sunflower-field-teacher-digital-art-project","status":"publish","type":"product","link":"https:\/\/littleboxofmagic.ca\/fr\/product\/sunflower-field-teacher-digital-art-project\/","title":{"rendered":"Sunflower Field Teacher Digital Art Project"},"content":{"rendered":"<p><strong>Description:<\/strong><strong> Donnez libre cours \u00e0 l\u2019artiste qui sommeille en vos \u00e9l\u00e8ves !<\/strong> Dans le cadre de cette activit\u00e9*, les \u00e9l\u00e8ves utiliseront divers outils, mat\u00e9riaux et techniques artistiques pour cr\u00e9er une belle composition d\u2019un <strong>champ de tournesols. <\/strong>Guidez vos \u00e9l\u00e8ves dans la cr\u00e9ation de leur chef-d'\u0153uvre en affichant le processus \u00e9tape par \u00e9tape rempli d'images et de pictogrammes sur votre t\u00e9l\u00e9viseur intelligent. En cr\u00e9ant leur \u0153uvre d\u2019art, ils mettront en pratique diverses comp\u00e9tences essentielles, de l\u2019installation et de l\u2019organisation de leur espace de travail au nettoyage une fois le projet termin\u00e9. Ils d\u00e9velopperont \u00e9galement leurs fonctions ex\u00e9cutives en suivant les \u00e9tapes requises, en planifiant leur travail et en prenant des d\u00e9cisions relatives \u00e0 la cr\u00e9ation de leur \u0153uvre.<\/p>\n<p>*Cette activit\u00e9 artistique est con\u00e7ue pour les \u00e9l\u00e8ves ayant des besoins particuliers. Il peut \u00eatre n\u00e9cessaire de consacrer plusieurs sessions \u00e0 sa r\u00e9alisation en fonction de leur attention, comp\u00e9tences motrices fines et niveau d'ind\u00e9pendance.<\/p>\n<p>Bien que con\u00e7ues pour les jeunes et adolescents ayant des besoins particuliers, tout enfant de la maternelle \u00e0 la cinqui\u00e8me ann\u00e9e (4 \u00e0 10 ans) prendra plaisir \u00e0 cr\u00e9er ses propres chefs-d'\u0153uvre en suivant nos instructions \u00e9tape par \u00e9tape ou en utilisant les mat\u00e9riaux comme bon leur semble!<\/p>\n<p><strong><u>Objectifs p\u00e9dagogiques :<\/u><\/strong><\/p>\n<ul>\n<li>Les \u00e9l\u00e8ves exploreront diff\u00e9rentes sources d'inspiration pour cr\u00e9er un champ de tournesols inspir\u00e9 du style unique de Vincent Van Gogh.<\/li>\n<li>Les \u00e9l\u00e8ves peindront des lignes en pointill\u00e9s pour cr\u00e9er l'illusion du mouvement dans leur ciel.<\/li>\n<li>Les \u00e9l\u00e8ves utiliseront la technique des traits courts et rapides pour peindre des tournesols.<\/li>\n<\/ul>\n<p>Ce fichier num\u00e9rique inclut \u00e9galement une activit\u00e9 d\u2019enrichissement sur le peintre n\u00e9erlandais Vincent Van Gogh.<\/p>\n<p><strong>Participation de l'enseignant : Soutien constant<\/strong><\/p>\n<p><strong>Ce que vous recevrez :<\/strong><\/p>\n<p>Votre achat comprend un fichier PDF des instructions (37 pages), un fichier PDF de nos Factsheet et Doodle Notes de Van Gogh (3 pages), et un fichier PDF de nos Doodles de Vincent Van Gogh (2 pages).<\/p>\n<p>\u00c0 noter qu'il s'agit d'un t\u00e9l\u00e9chargement num\u00e9rique. Aucun produit physique ou mat\u00e9riel ne sera exp\u00e9di\u00e9.<\/p>\n<p><strong>Mat\u00e9riel n\u00e9cessaire :<\/strong> <strong>*Papier multi-techniques, gouache liquide, pinceaux, palette en plastique, bol d\u2019eau et crayon \u00e0 la mine. <\/strong><\/p>\n<p><strong>*Notez que le mat\u00e9riel n\u2019est pas inclus avec votre achat.<\/strong><\/p>","protected":false},"excerpt":{"rendered":"<p>Description: Let your students\u2019 creative side shine! In this activity*, students will use different types of painting tools and art techniques to create a beautiful composition of a Sunflower Field inspired the Vincent Van Gogh\u2019s style. Showing the easy-to-follow step-by-step process filled with images and pictograms on your smart TV, will help guide your students [&hellip;]<\/p>\n","protected":false},"featured_media":8119,"comment_status":"closed","ping_status":"closed","template":"","meta":{"_seopress_robots_primary_cat":"none","_seopress_titles_title":"","_seopress_titles_desc":"","_seopress_robots_index":""},"language":[88],"customer":[33],"product_brand":[],"product_cat":[27],"product_tag":[],"giftcard-category":[],"class_list":{"0":"post-8075","1":"product","2":"type-product","3":"status-publish","4":"has-post-thumbnail","6":"language-english-products","7":"customer-educators-teachers","8":"product_cat-digital-downloads-printables","10":"first","11":"instock","12":"downloadable","13":"virtual","14":"purchasable","15":"product-type-simple"},"meta_box":[],"_links":{"self":[{"href":"https:\/\/littleboxofmagic.ca\/fr\/wp-json\/wp\/v2\/product\/8075","targetHints":{"allow":["GET"]}}],"collection":[{"href":"https:\/\/littleboxofmagic.ca\/fr\/wp-json\/wp\/v2\/product"}],"about":[{"href":"https:\/\/littleboxofmagic.ca\/fr\/wp-json\/wp\/v2\/types\/product"}],"replies":[{"embeddable":true,"href":"https:\/\/littleboxofmagic.ca\/fr\/wp-json\/wp\/v2\/comments?post=8075"}],"wp:featuredmedia":[{"embeddable":true,"href":"https:\/\/littleboxofmagic.ca\/fr\/wp-json\/wp\/v2\/media\/8119"}],"wp:attachment":[{"href":"https:\/\/littleboxofmagic.ca\/fr\/wp-json\/wp\/v2\/media?parent=8075"}],"wp:term":[{"taxonomy":"language","embeddable":true,"href":"https:\/\/littleboxofmagic.ca\/fr\/wp-json\/wp\/v2\/language?post=8075"},{"taxonomy":"customer","embeddable":true,"href":"https:\/\/littleboxofmagic.ca\/fr\/wp-json\/wp\/v2\/customer?post=8075"},{"taxonomy":"product_brand","embeddable":true,"href":"https:\/\/littleboxofmagic.ca\/fr\/wp-json\/wp\/v2\/product_brand?post=8075"},{"taxonomy":"product_cat","embeddable":true,"href":"https:\/\/littleboxofmagic.ca\/fr\/wp-json\/wp\/v2\/product_cat?post=8075"},{"taxonomy":"product_tag","embeddable":true,"href":"https:\/\/littleboxofmagic.ca\/fr\/wp-json\/wp\/v2\/product_tag?post=8075"},{"taxonomy":"giftcard-category","embeddable":true,"href":"https:\/\/littleboxofmagic.ca\/fr\/wp-json\/wp\/v2\/giftcard-category?post=8075"}],"curies":[{"name":"wp","href":"https:\/\/api.w.org\/{rel}","templated":true}]}}