{"id":7980,"date":"2024-04-24T16:18:05","date_gmt":"2024-04-24T20:18:05","guid":{"rendered":"https:\/\/littleboxofmagic.ca\/?post_type=product&#038;p=7980"},"modified":"2024-04-24T16:40:36","modified_gmt":"2024-04-24T20:40:36","slug":"ocean-wave-art-project-pack","status":"publish","type":"product","link":"https:\/\/littleboxofmagic.ca\/fr\/product\/ocean-wave-art-project-pack\/","title":{"rendered":"Ocean Wave Art Project Pack"},"content":{"rendered":"<p><strong>Description : Cr\u00e9ez de la magie avec vos \u00e9l\u00e8ves et laissez-les donner libre cours \u00e0 l\u2019artiste qui sommeille en eux quel que soit leur niveau d\u2019habilet\u00e9! <\/strong>Faites de nos trousses cl\u00e9 en main votre ressource artistique par excellence et amusez-vous avec vos \u00e9l\u00e8ves en cr\u00e9ant des \u0153uvres d'art inspir\u00e9es par la nature. Chaque trousse pr\u00e9sente un artiste fascinant \u00e0 d\u00e9couvrir, tout le mat\u00e9riel artistique dont vous aurez besoin pour mener \u00e0 bien l'activit\u00e9, un guide enseignant reproductible ainsi qu\u2019une activit\u00e9 d\u2019enrichissement.<\/p>\n<p><strong><em>Que comprend votre trousse \u00e9ducative?<\/em><\/strong><\/p>\n<ul>\n<li style=\"list-style-type: none;\">\n<ul>\n<li>Guide pour enseignant (version num\u00e9rique et papier)<\/li>\n<li>Guide pour l'\u00e9l\u00e8ve (version num\u00e9rique et papier)<\/li>\n<li>Affiche (8.5 x 11 po)<\/li>\n<li>Mat\u00e9riel artistique de haute qualit\u00e9 pour chaque \u00e9l\u00e8ve<\/li>\n<li>Fiche num\u00e9rique des instructions \u00e9tape par \u00e9tape remplie d\u2019images et de pictogrammes que vous pouvez afficher sur votre tableau interactif ou t\u00e9l\u00e9viseur intelligent, le tout en fran\u00e7ais.<\/li>\n<\/ul>\n<\/li>\n<\/ul>\n<p><em>Tous vos fichiers PDF vous seront envoy\u00e9s par courriel avant l'exp\u00e9dition de votre trousse.<\/em><\/p>\n<p>Cette activit\u00e9 artistique est con\u00e7ue pour les \u00e9l\u00e8ves ayant des besoins particuliers. Il peut \u00eatre n\u00e9cessaire de consacrer plusieurs sessions \u00e0 sa r\u00e9alisation en fonction de leur attention, comp\u00e9tences motrices fines et niveau d'ind\u00e9pendance.<\/p>\n<p>Bien que con\u00e7ues pour les jeunes et adolescents ayant des besoins particuliers, tout enfant de la maternelle \u00e0 la cinqui\u00e8me ann\u00e9e (4 \u00e0 10 ans) prendra plaisir \u00e0 cr\u00e9er ses propres chefs-d'\u0153uvre en suivant nos instructions \u00e9tape par \u00e9tape ou en utilisant les mat\u00e9riaux comme bon leur semble!<\/p>\n<p><strong>Objectifs p\u00e9dagogiques :<\/strong><\/p>\n<ul>\n<li>Les \u00e9l\u00e8ves exploreront diverses id\u00e9es afin de cr\u00e9er une \u0153uvre d\u2019art aux techniques mixtes de vagues del\u2019oc\u00e9an en utilisant du papier peint et des crayons \u00e0 aquarelle.<\/li>\n<li>Les \u00e9l\u00e8ves utiliseront diff\u00e9rents outils et m\u00e9diums et leur propre papier d\u00e9chir\u00e9 pour fa\u00e7onner leur \u0153uvre d\u2019art.<\/li>\n<li>Les \u00e9l\u00e8ves renforceront leur motricit\u00e9 fine en manipulant divers outil et mat\u00e9riels.<\/li>\n<\/ul>\n<p>Cette trousse inclut \u00e9galement une activit\u00e9 d\u2019enrichissement sur l\u2019artiste fran\u00e7ais Henri Matisse.<\/p>\n<p><strong>Participation de l'enseignant : Soutien constant<\/strong><\/p>\n<p><strong>Informations suppl\u00e9mentaires :<\/strong><\/p>\n<p>Le mat\u00e9riel de base tel que les crayons de couleur, marqueurs, crayon \u00e0 la mine, ciseaux, colle liquide ou en b\u00e2ton, doivent \u00eatre fournis par les \u00e9l\u00e8ves.<strong> Noter que le mat\u00e9riel envoy\u00e9 est pour l\u2019activit\u00e9 principale seulement.<\/strong>.<\/p>\n<p><strong>Mat\u00e9riel artistique que vous recevrez :<\/strong> Papier multi-technique, gouache liquide et gouache m\u00e9tallique, crayons \u00e0 aquarelle, pinceaux \u00e0 poils, tampons \u00e0 caoutchouc, papier bulles.<\/p>","protected":false},"excerpt":{"rendered":"<p>Description: Create magic with your students no matter their skill level! Make our art project packs your go-to art resource in your classroom and have fun with your students as they create art inspired by nature. Each class pack features a fascinating artist to learn about, all the supplies you\u2019ll need for the successful completion [&hellip;]<\/p>\n","protected":false},"featured_media":7968,"comment_status":"closed","ping_status":"closed","template":"","meta":{"_seopress_robots_primary_cat":"none","_seopress_titles_title":"","_seopress_titles_desc":"","_seopress_robots_index":""},"language":[88],"customer":[33],"product_brand":[],"product_cat":[48],"product_tag":[],"giftcard-category":[],"class_list":{"0":"post-7980","1":"product","2":"type-product","3":"status-publish","4":"has-post-thumbnail","6":"language-english-products","7":"customer-educators-teachers","8":"product_cat-turnkey-art-project-packs","10":"first","11":"instock","12":"taxable","13":"shipping-taxable","14":"purchasable","15":"product-type-variable","16":"has-default-attributes"},"meta_box":[],"_links":{"self":[{"href":"https:\/\/littleboxofmagic.ca\/fr\/wp-json\/wp\/v2\/product\/7980","targetHints":{"allow":["GET"]}}],"collection":[{"href":"https:\/\/littleboxofmagic.ca\/fr\/wp-json\/wp\/v2\/product"}],"about":[{"href":"https:\/\/littleboxofmagic.ca\/fr\/wp-json\/wp\/v2\/types\/product"}],"replies":[{"embeddable":true,"href":"https:\/\/littleboxofmagic.ca\/fr\/wp-json\/wp\/v2\/comments?post=7980"}],"wp:featuredmedia":[{"embeddable":true,"href":"https:\/\/littleboxofmagic.ca\/fr\/wp-json\/wp\/v2\/media\/7968"}],"wp:attachment":[{"href":"https:\/\/littleboxofmagic.ca\/fr\/wp-json\/wp\/v2\/media?parent=7980"}],"wp:term":[{"taxonomy":"language","embeddable":true,"href":"https:\/\/littleboxofmagic.ca\/fr\/wp-json\/wp\/v2\/language?post=7980"},{"taxonomy":"customer","embeddable":true,"href":"https:\/\/littleboxofmagic.ca\/fr\/wp-json\/wp\/v2\/customer?post=7980"},{"taxonomy":"product_brand","embeddable":true,"href":"https:\/\/littleboxofmagic.ca\/fr\/wp-json\/wp\/v2\/product_brand?post=7980"},{"taxonomy":"product_cat","embeddable":true,"href":"https:\/\/littleboxofmagic.ca\/fr\/wp-json\/wp\/v2\/product_cat?post=7980"},{"taxonomy":"product_tag","embeddable":true,"href":"https:\/\/littleboxofmagic.ca\/fr\/wp-json\/wp\/v2\/product_tag?post=7980"},{"taxonomy":"giftcard-category","embeddable":true,"href":"https:\/\/littleboxofmagic.ca\/fr\/wp-json\/wp\/v2\/giftcard-category?post=7980"}],"curies":[{"name":"wp","href":"https:\/\/api.w.org\/{rel}","templated":true}]}}