{"id":7861,"date":"2024-04-10T13:59:35","date_gmt":"2024-04-10T17:59:35","guid":{"rendered":"https:\/\/wordpress-403092-4297956.cloudwaysapps.com\/?post_type=product&#038;p=7861"},"modified":"2024-08-21T09:47:14","modified_gmt":"2024-08-21T13:47:14","slug":"monthly-teacher-digital-art-project-subscription","status":"publish","type":"product","link":"https:\/\/littleboxofmagic.ca\/fr\/product\/monthly-teacher-digital-art-project-subscription\/","title":{"rendered":"Abonnement mensuel; projets artistiques num\u00e9riques pour enseignant"},"content":{"rendered":"<p><strong>Description : Cr\u00e9ez de la magie avec vos \u00e9l\u00e8ves et laissez-les donner libre cours \u00e0 l\u2019artiste qui sommeille en eux quel que soit leur niveau d\u2019habilet\u00e9! <\/strong>Faites de nos projets artistiques num\u00e9riques cl\u00e9 en main votre ressource par excellence et amusez-vous avec vos \u00e9l\u00e8ves en cr\u00e9ant des \u0153uvres d'art inspir\u00e9es par la nature. Chaque activit\u00e9 pr\u00e9sente un artiste fascinant \u00e0 d\u00e9couvrir, un guide enseignant reproductible ainsi qu\u2019une activit\u00e9 d\u2019enrichissement.<\/p>\n<p><strong><em>Que comprend votre abonnement?<\/em><\/strong><\/p>\n<ul>\n<li style=\"list-style-type: none;\">\n<ul>\n<li>Guide pour enseignant (version num\u00e9rique)<\/li>\n<li>Affiche (version num\u00e9rique 8.5 x 11 po)<\/li>\n<li>Fiche num\u00e9rique des instructions \u00e9tape par \u00e9tape remplie d\u2019images et de pictogrammes que vous pouvez afficher sur votre tableau interactif ou t\u00e9l\u00e9viseur intelligent, le tout en fran\u00e7ais.<\/li>\n<\/ul>\n<\/li>\n<\/ul>\n<p>Cette activit\u00e9 artistique est con\u00e7ue pour les \u00e9l\u00e8ves ayant des besoins particuliers. Il peut \u00eatre n\u00e9cessaire de consacrer plusieurs sessions \u00e0 sa r\u00e9alisation en fonction de leur attention, comp\u00e9tences motrices fines et niveau d'ind\u00e9pendance.<\/p>\n<p>Bien que con\u00e7ues pour les jeunes et adolescents ayant des besoins particuliers, tout enfant de la maternelle \u00e0 la cinqui\u00e8me ann\u00e9e (4 \u00e0 10 ans) prendra plaisir \u00e0 cr\u00e9er ses propres chefs-d'\u0153uvre en suivant nos instructions \u00e9tape par \u00e9tape ou en utilisant les mat\u00e9riaux comme bon leur semble!<\/p>\n<p><strong>Informations suppl\u00e9mentaires :<\/strong><\/p>\n<ul>\n<li>Votre abonnement peut \u00eatre annul\u00e9 \u00e0 tout moment<\/li>\n<li>Vous recevrez votre premier t\u00e9l\u00e9chargement num\u00e9rique d\u00e8s la r\u00e9ception de votre paiement.<\/li>\n<li>Toutes vos fiches num\u00e9riques seront plac\u00e9es dans votre compte pour un acc\u00e8s facile.<\/li>\n<li><strong>\u00a0Ceci s'agit d'un t\u00e9l\u00e9chargement num\u00e9rique. Aucun produit physique ou mat\u00e9riel ne sera exp\u00e9di\u00e9.<\/strong><\/li>\n<\/ul>\n<p>Le cerisier \u00e0 fleurs sera le premier projet artistique que vous recevrez.<\/p>\n<p><strong><u>Objectifs p\u00e9dagogiques :<\/u><\/strong><\/p>\n<ul>\n<li>Les \u00e9l\u00e8ves exploreront diverses id\u00e9es afin de cr\u00e9er une \u0153uvre d\u2019art aux techniques mixtes d\u2019un cerisier \u00e0 fleurs.<\/li>\n<li>Les \u00e9l\u00e8ves utiliseront diff\u00e9rents types de pinceaux et applicateurs \u00e0 peinture pour cr\u00e9er leur chef-d\u2019\u0153uvre.<\/li>\n<li>Les \u00e9l\u00e8ves renforceront leur motricit\u00e9 fine en manipulant divers outil et mat\u00e9riels.<\/li>\n<\/ul>\n<p>Ce fichier num\u00e9rique inclut \u00e9galement une activit\u00e9 d\u2019enrichissement sur le peintre espagnol Pablo Picasso.<\/p>\n<p><strong>Participation de l'enseignant : Soutien constant<\/strong><\/p>","protected":false},"excerpt":{"rendered":"<p>Description: Create magic with your students no matter their skill level! Make our art project subscription your go-to art resource in your classroom and have fun with your students as they create art inspired by nature. Each art project features a fascinating artist to learn about, a reproducible teacher guide and an extended learning opportunity. [&hellip;]<\/p>\n","protected":false},"featured_media":7407,"comment_status":"closed","ping_status":"closed","template":"","meta":{"_seopress_robots_primary_cat":"none","_seopress_titles_title":"","_seopress_titles_desc":"","_seopress_robots_index":""},"language":[88],"customer":[33],"product_brand":[],"product_cat":[27],"product_tag":[],"giftcard-category":[],"class_list":{"0":"post-7861","1":"product","2":"type-product","3":"status-publish","4":"has-post-thumbnail","6":"language-english-products","7":"customer-educators-teachers","8":"product_cat-digital-downloads-printables","10":"first","11":"instock","12":"downloadable","13":"virtual","14":"taxable","15":"purchasable","16":"product-type-subscription"},"meta_box":[],"_links":{"self":[{"href":"https:\/\/littleboxofmagic.ca\/fr\/wp-json\/wp\/v2\/product\/7861","targetHints":{"allow":["GET"]}}],"collection":[{"href":"https:\/\/littleboxofmagic.ca\/fr\/wp-json\/wp\/v2\/product"}],"about":[{"href":"https:\/\/littleboxofmagic.ca\/fr\/wp-json\/wp\/v2\/types\/product"}],"replies":[{"embeddable":true,"href":"https:\/\/littleboxofmagic.ca\/fr\/wp-json\/wp\/v2\/comments?post=7861"}],"wp:featuredmedia":[{"embeddable":true,"href":"https:\/\/littleboxofmagic.ca\/fr\/wp-json\/wp\/v2\/media\/7407"}],"wp:attachment":[{"href":"https:\/\/littleboxofmagic.ca\/fr\/wp-json\/wp\/v2\/media?parent=7861"}],"wp:term":[{"taxonomy":"language","embeddable":true,"href":"https:\/\/littleboxofmagic.ca\/fr\/wp-json\/wp\/v2\/language?post=7861"},{"taxonomy":"customer","embeddable":true,"href":"https:\/\/littleboxofmagic.ca\/fr\/wp-json\/wp\/v2\/customer?post=7861"},{"taxonomy":"product_brand","embeddable":true,"href":"https:\/\/littleboxofmagic.ca\/fr\/wp-json\/wp\/v2\/product_brand?post=7861"},{"taxonomy":"product_cat","embeddable":true,"href":"https:\/\/littleboxofmagic.ca\/fr\/wp-json\/wp\/v2\/product_cat?post=7861"},{"taxonomy":"product_tag","embeddable":true,"href":"https:\/\/littleboxofmagic.ca\/fr\/wp-json\/wp\/v2\/product_tag?post=7861"},{"taxonomy":"giftcard-category","embeddable":true,"href":"https:\/\/littleboxofmagic.ca\/fr\/wp-json\/wp\/v2\/giftcard-category?post=7861"}],"curies":[{"name":"wp","href":"https:\/\/api.w.org\/{rel}","templated":true}]}}