{"id":7488,"date":"2024-04-02T16:53:57","date_gmt":"2024-04-02T20:53:57","guid":{"rendered":"https:\/\/wordpress-403092-4297956.cloudwaysapps.com\/?post_type=product&#038;p=7488"},"modified":"2026-02-27T14:09:56","modified_gmt":"2026-02-27T19:09:56","slug":"cherry-blossom-tree-digital-download-fr","status":"publish","type":"product","link":"https:\/\/littleboxofmagic.ca\/fr\/product\/cherry-blossom-tree-digital-download-fr\/","title":{"rendered":"Projet artistique num\u00e9rique cerisier \u00e0 fleurs"},"content":{"rendered":"<p><strong>Donne libre cours \u00e0 l\u2019artiste qui sommeille en toi ! <\/strong>En suivant nos instructions \u00e9tape par \u00e9tape, tu r\u00e9aliseras une superbe composition aux techniques mixtes d\u2019un cerisier \u00e0 fleurs \u00e0 l\u2019aide de diff\u00e9rents types d\u2019outils de peinture et de techniques artistiques simples. Tu peux utiliser le mat\u00e9riel \u00e0 ta guise pour cr\u00e9er ton unique version abstraite. Cette activit\u00e9 est con\u00e7ue pour t\u2019aider \u00e0 am\u00e9liorer tes comp\u00e9tences en mati\u00e8re d\u2019organisation et de planification tout en cr\u00e9ant des \u0153uvres d\u2019art inspir\u00e9es de la nature. Sois color\u00e9 et amuse-toi!<\/p>\n<p>Con\u00e7ue pour les enfants pr\u00e9sentant des d\u00e9ficiences intellectuelles mod\u00e9r\u00e9es \u00e0 s\u00e9v\u00e8res.<\/p>\n<p>Surveillance parentale constante requise.<\/p>\n<p>Niveau de difficult\u00e9 : Mod\u00e9r\u00e9<\/p>\n<p>Le texte des fichiers num\u00e9riques est en <strong>fran\u00e7ais.<\/strong><\/p>\n<p><strong>Ce que vous recevrez :<\/strong><\/p>\n<p>Votre achat comprend un fichier PDF des instructions en <strong>fran\u00e7ais<\/strong> (16 pages), et un fichier PDF de notre dessin de Picasso (2 pages). Veuillez noter qu'il s'agit d'un t\u00e9l\u00e9chargement num\u00e9rique. Aucun produit physique ou mat\u00e9riel ne sera exp\u00e9di\u00e9.<\/p>\n<p><strong>Mat\u00e9riel n\u00e9cessaire :<\/strong> <strong>*Gouache liquide, peinture \u00e0 paillettes, ensemble de pinceaux, pinceau en mousse, cotons-tiges, applicateur de texture ou fourchette, palette de peinture, colle liquide et papier de soie. <\/strong><\/p>\n<p><strong>*Notez que ce mat\u00e9riel n\u2019est pas inclus avec cet achat.<\/strong><\/p>","protected":false},"excerpt":{"rendered":"<p>Let the artist in you shine! By following our step-by-step instructions, you will create a beautiful mixed media composition of a cherry blossom tree using different types of painting tools and simple art techniques. You can also use the materials as you please for an abstract version of your masterpiece. This activity is designed to [&hellip;]<\/p>\n","protected":false},"featured_media":7492,"comment_status":"closed","ping_status":"closed","template":"","meta":{"_seopress_robots_primary_cat":"none","_seopress_titles_title":"","_seopress_titles_desc":"","_seopress_robots_index":""},"language":[89],"customer":[32],"product_brand":[],"product_cat":[27],"product_tag":[143],"giftcard-category":[],"class_list":{"0":"post-7488","1":"product","2":"type-product","3":"status-publish","4":"has-post-thumbnail","6":"language-french-products","7":"customer-friends-family","8":"product_cat-digital-downloads-printables","9":"product_tag-featured-home","11":"first","12":"instock","13":"downloadable","14":"virtual","15":"purchasable","16":"product-type-simple"},"meta_box":[],"_links":{"self":[{"href":"https:\/\/littleboxofmagic.ca\/fr\/wp-json\/wp\/v2\/product\/7488","targetHints":{"allow":["GET"]}}],"collection":[{"href":"https:\/\/littleboxofmagic.ca\/fr\/wp-json\/wp\/v2\/product"}],"about":[{"href":"https:\/\/littleboxofmagic.ca\/fr\/wp-json\/wp\/v2\/types\/product"}],"replies":[{"embeddable":true,"href":"https:\/\/littleboxofmagic.ca\/fr\/wp-json\/wp\/v2\/comments?post=7488"}],"wp:featuredmedia":[{"embeddable":true,"href":"https:\/\/littleboxofmagic.ca\/fr\/wp-json\/wp\/v2\/media\/7492"}],"wp:attachment":[{"href":"https:\/\/littleboxofmagic.ca\/fr\/wp-json\/wp\/v2\/media?parent=7488"}],"wp:term":[{"taxonomy":"language","embeddable":true,"href":"https:\/\/littleboxofmagic.ca\/fr\/wp-json\/wp\/v2\/language?post=7488"},{"taxonomy":"customer","embeddable":true,"href":"https:\/\/littleboxofmagic.ca\/fr\/wp-json\/wp\/v2\/customer?post=7488"},{"taxonomy":"product_brand","embeddable":true,"href":"https:\/\/littleboxofmagic.ca\/fr\/wp-json\/wp\/v2\/product_brand?post=7488"},{"taxonomy":"product_cat","embeddable":true,"href":"https:\/\/littleboxofmagic.ca\/fr\/wp-json\/wp\/v2\/product_cat?post=7488"},{"taxonomy":"product_tag","embeddable":true,"href":"https:\/\/littleboxofmagic.ca\/fr\/wp-json\/wp\/v2\/product_tag?post=7488"},{"taxonomy":"giftcard-category","embeddable":true,"href":"https:\/\/littleboxofmagic.ca\/fr\/wp-json\/wp\/v2\/giftcard-category?post=7488"}],"curies":[{"name":"wp","href":"https:\/\/api.w.org\/{rel}","templated":true}]}}