{"id":7439,"date":"2024-03-29T10:47:45","date_gmt":"2024-03-29T14:47:45","guid":{"rendered":"https:\/\/wordpress-403092-4297956.cloudwaysapps.com\/?post_type=product&#038;p=7439"},"modified":"2024-08-21T09:53:27","modified_gmt":"2024-08-21T13:53:27","slug":"monthly-digital-art-project-subscription-fr","status":"publish","type":"product","link":"https:\/\/littleboxofmagic.ca\/fr\/product\/monthly-digital-art-project-subscription-fr\/","title":{"rendered":"Abonnement mensuel; projets artistiques num\u00e9riques"},"content":{"rendered":"<p><strong>Description:<\/strong> Vous avez du mat\u00e9riel artistique \u00e0 la maison, mais vous ne savez pas comment l'utiliser ? <strong>Offrez \u00e0 vos enfants l\u2019opportunit\u00e9 de donner libre cours \u00e0 l\u2019artiste qui sommeille en eux en vous abonnant \u00e0 nos fiches num\u00e9riques mensuelles <\/strong> et recevez \u00e0 chaque mois une nouvelle activit\u00e9 soigneusement s\u00e9lectionn\u00e9e par notre \u00e9quipe!  Bien que con\u00e7ues pour les jeunes et adolescents ayant des besoins particuliers, tout enfant de la maternelle \u00e0 la cinqui\u00e8me ann\u00e9e (4 \u00e0 10 ans) prendra plaisir \u00e0 cr\u00e9er ses propres chefs-d'\u0153uvre en suivant nos instructions \u00e9tape par \u00e9tape ou en utilisant les mat\u00e9riaux comme bon leur semble!<\/p>\n<p><strong>Que comprend votre abonnement?<\/strong><\/p>\n<ul>\n<li>1 projet artistique surprise s\u00e9lectionn\u00e9 chaque mois par notre \u00e9quipe.<\/li>\n<li>Livret d\u2019instructions t\u00e9l\u00e9chargeables en couleur en <strong>fran\u00e7ais<\/strong>.<\/li>\n<li>Dessins t\u00e9l\u00e9chargeables.<\/li>\n<li>Un coupn rabais de 15% applicable sur votre prochain achat.<\/li>\n<\/ul>\n<p>&nbsp;<\/p>\n<p><strong>Informations suppl\u00e9mentaires :<\/strong><\/p>\n<ul>\n<li>Votre abonnement peut \u00eatre annul\u00e9 \u00e0 tout moment<\/li>\n<li>Vous recevrez votre premier t\u00e9l\u00e9chargement num\u00e9rique d\u00e8s la r\u00e9ception de votre paiement.<\/li>\n<li>Toutes vos fiches num\u00e9riques seront plac\u00e9es dans votre compte pour un acc\u00e8s facile.<\/li>\n<li><strong>\u00a0Ceci s'agit d'un t\u00e9l\u00e9chargement num\u00e9rique. Aucun produit physique ou mat\u00e9riel ne sera exp\u00e9di\u00e9.<\/strong><\/li>\n<\/ul>","protected":false},"excerpt":{"rendered":"<p>Description: You have plenty of art materials at home, but not sure how to use them? Show us the magic you can make with our digital art project monthly subscription. Subscribe to our surprise monthly instant downloads and receive a new activity carefully selected by our team every month! Your children will be able to [&hellip;]<\/p>\n","protected":false},"featured_media":7412,"comment_status":"closed","ping_status":"closed","template":"","meta":{"_seopress_robots_primary_cat":"none","_seopress_titles_title":"","_seopress_titles_desc":"","_seopress_robots_index":""},"language":[89],"customer":[32],"product_brand":[],"product_cat":[27],"product_tag":[],"giftcard-category":[],"class_list":{"0":"post-7439","1":"product","2":"type-product","3":"status-publish","4":"has-post-thumbnail","6":"language-french-products","7":"customer-friends-family","8":"product_cat-digital-downloads-printables","10":"first","11":"instock","12":"downloadable","13":"virtual","14":"purchasable","15":"product-type-subscription"},"meta_box":[],"_links":{"self":[{"href":"https:\/\/littleboxofmagic.ca\/fr\/wp-json\/wp\/v2\/product\/7439","targetHints":{"allow":["GET"]}}],"collection":[{"href":"https:\/\/littleboxofmagic.ca\/fr\/wp-json\/wp\/v2\/product"}],"about":[{"href":"https:\/\/littleboxofmagic.ca\/fr\/wp-json\/wp\/v2\/types\/product"}],"replies":[{"embeddable":true,"href":"https:\/\/littleboxofmagic.ca\/fr\/wp-json\/wp\/v2\/comments?post=7439"}],"wp:featuredmedia":[{"embeddable":true,"href":"https:\/\/littleboxofmagic.ca\/fr\/wp-json\/wp\/v2\/media\/7412"}],"wp:attachment":[{"href":"https:\/\/littleboxofmagic.ca\/fr\/wp-json\/wp\/v2\/media?parent=7439"}],"wp:term":[{"taxonomy":"language","embeddable":true,"href":"https:\/\/littleboxofmagic.ca\/fr\/wp-json\/wp\/v2\/language?post=7439"},{"taxonomy":"customer","embeddable":true,"href":"https:\/\/littleboxofmagic.ca\/fr\/wp-json\/wp\/v2\/customer?post=7439"},{"taxonomy":"product_brand","embeddable":true,"href":"https:\/\/littleboxofmagic.ca\/fr\/wp-json\/wp\/v2\/product_brand?post=7439"},{"taxonomy":"product_cat","embeddable":true,"href":"https:\/\/littleboxofmagic.ca\/fr\/wp-json\/wp\/v2\/product_cat?post=7439"},{"taxonomy":"product_tag","embeddable":true,"href":"https:\/\/littleboxofmagic.ca\/fr\/wp-json\/wp\/v2\/product_tag?post=7439"},{"taxonomy":"giftcard-category","embeddable":true,"href":"https:\/\/littleboxofmagic.ca\/fr\/wp-json\/wp\/v2\/giftcard-category?post=7439"}],"curies":[{"name":"wp","href":"https:\/\/api.w.org\/{rel}","templated":true}]}}