{"id":7432,"date":"2024-03-28T17:51:59","date_gmt":"2024-03-28T21:51:59","guid":{"rendered":"https:\/\/wordpress-403092-4297956.cloudwaysapps.com\/?post_type=product&#038;p=7432"},"modified":"2025-12-02T09:04:10","modified_gmt":"2025-12-02T14:04:10","slug":"famous-paintings-colouring-pages-fr","status":"publish","type":"product","link":"https:\/\/littleboxofmagic.ca\/fr\/product\/famous-paintings-colouring-pages-fr\/","title":{"rendered":"Dessins d'\u0153uvres c\u00e9l\u00e8bres"},"content":{"rendered":"<p>Sors tes crayons de couleur, tes craies et tes marqueurs, et amuse-toi avec nos pages \u00e0 colorier ! Laisse libre cours \u00e0 ta cr\u00e9ativit\u00e9 en utilisant des couleurs extravagantes pour cr\u00e9er ton unique version de nos dessins d'\u0153uvres c\u00e9l\u00e8bres, et partage-les avec nous! Sois color\u00e9 et amuse-toi!<\/p>\n<p><strong>Ce que vous recevrez :<\/strong><\/p>\n<p>Ton achat comprend un fichier PDF de 7 pages de dessins des \u0153uvres suivantes : Henri Matisse : Icare, Le cheval l\u2019\u00e9cuy\u00e8re et le clown. De Claude Monet : Un automne \u00e0 Venise. De Andy Warhol : Campbell\u2019s Soup Can. De Yayoi Kusama : Yangtze River, Mount Fuji, et Mountain. La majorit\u00e9 des titres sont en <strong>fran\u00e7ais<\/strong>.<\/p>\n<p><strong>\u00c0 noter qu'il s'agit d'un t\u00e9l\u00e9chargement num\u00e9rique. Aucun produit physique ou mat\u00e9riel ne sera exp\u00e9di\u00e9.<\/strong><\/p>","protected":false},"excerpt":{"rendered":"<p>Take out your colouring pencils, crayons and markers and have fun with our colouring pages! Get creative using wacky colours and colour your own version of these famous paintings and share them with us! Be colourful and have fun! What you will receive: Your purchase will include one PDF of 7 colouring pages of the [&hellip;]<\/p>\n","protected":false},"featured_media":5003,"comment_status":"closed","ping_status":"closed","template":"","meta":{"_seopress_robots_primary_cat":"none","_seopress_titles_title":"","_seopress_titles_desc":"","_seopress_robots_index":""},"language":[89],"customer":[32],"product_brand":[],"product_cat":[27],"product_tag":[],"giftcard-category":[],"class_list":{"0":"post-7432","1":"product","2":"type-product","3":"status-publish","4":"has-post-thumbnail","6":"language-french-products","7":"customer-friends-family","8":"product_cat-digital-downloads-printables","10":"first","11":"instock","12":"downloadable","13":"virtual","14":"purchasable","15":"product-type-simple"},"meta_box":[],"_links":{"self":[{"href":"https:\/\/littleboxofmagic.ca\/fr\/wp-json\/wp\/v2\/product\/7432","targetHints":{"allow":["GET"]}}],"collection":[{"href":"https:\/\/littleboxofmagic.ca\/fr\/wp-json\/wp\/v2\/product"}],"about":[{"href":"https:\/\/littleboxofmagic.ca\/fr\/wp-json\/wp\/v2\/types\/product"}],"replies":[{"embeddable":true,"href":"https:\/\/littleboxofmagic.ca\/fr\/wp-json\/wp\/v2\/comments?post=7432"}],"wp:featuredmedia":[{"embeddable":true,"href":"https:\/\/littleboxofmagic.ca\/fr\/wp-json\/wp\/v2\/media\/5003"}],"wp:attachment":[{"href":"https:\/\/littleboxofmagic.ca\/fr\/wp-json\/wp\/v2\/media?parent=7432"}],"wp:term":[{"taxonomy":"language","embeddable":true,"href":"https:\/\/littleboxofmagic.ca\/fr\/wp-json\/wp\/v2\/language?post=7432"},{"taxonomy":"customer","embeddable":true,"href":"https:\/\/littleboxofmagic.ca\/fr\/wp-json\/wp\/v2\/customer?post=7432"},{"taxonomy":"product_brand","embeddable":true,"href":"https:\/\/littleboxofmagic.ca\/fr\/wp-json\/wp\/v2\/product_brand?post=7432"},{"taxonomy":"product_cat","embeddable":true,"href":"https:\/\/littleboxofmagic.ca\/fr\/wp-json\/wp\/v2\/product_cat?post=7432"},{"taxonomy":"product_tag","embeddable":true,"href":"https:\/\/littleboxofmagic.ca\/fr\/wp-json\/wp\/v2\/product_tag?post=7432"},{"taxonomy":"giftcard-category","embeddable":true,"href":"https:\/\/littleboxofmagic.ca\/fr\/wp-json\/wp\/v2\/giftcard-category?post=7432"}],"curies":[{"name":"wp","href":"https:\/\/api.w.org\/{rel}","templated":true}]}}