{"id":7382,"date":"2024-03-27T14:39:42","date_gmt":"2024-03-27T18:39:42","guid":{"rendered":"https:\/\/wordpress-403092-4297956.cloudwaysapps.com\/?post_type=product&#038;p=7382"},"modified":"2024-12-04T19:24:27","modified_gmt":"2024-12-05T00:24:27","slug":"abonnement-mensuel-boites-artistiques","status":"publish","type":"product","link":"https:\/\/littleboxofmagic.ca\/fr\/product\/abonnement-mensuel-boites-artistiques\/","title":{"rendered":"Abonnement mensuel ;\ntrousses artistiques"},"content":{"rendered":"<p><strong>Cr\u00e9ez de la magie avec vos enfants, et laissez-les donner libre cours \u00e0 l\u2019artiste qui sommeille en eux quel que soit leur niveau d\u2019habilet\u00e9 gr\u00e2ce \u00e0 notre abonnement mensuel de projets artistiques ! <\/strong><\/p>\n<p>Nos projets artistiques soigneusement s\u00e9lectionn\u00e9s offriront aux jeunes artistes en herbe de belles occasions pour explorer divers outils et mat\u00e9riaux afin de cr\u00e9er des \u0153uvres d'art inspir\u00e9es de la nature. Nos projets artistiques sont inclusifs et con\u00e7us avec soin pour tous les enfants incluant les enfants et adolescents pr\u00e9sentant des d\u00e9ficiences intellectuelles l\u00e9g\u00e8res, moyennes ou profondes. Nos projets sont con\u00e7us pour \u00eatre attrayants, accessibles et th\u00e9rapeutiques, offrant un moyen cr\u00e9atif pour l'expression de soi et le d\u00e9veloppement de diff\u00e9rentes comp\u00e9tences et aptitudes.<\/p>\n<p>Chaque trousse mensuelle pr\u00e9sente un artiste fascinant \u00e0 d\u00e9couvrir, une activit\u00e9 d\u2019enrichissement, un livret d\u2019instructions avec pictogrammes et dessins t\u00e9l\u00e9chargeables ainsi que tout le mat\u00e9riel artistique dont vous aurez besoin pour mener \u00e0 bien l'activit\u00e9.<\/p>\n<p><strong>Que comprend votre abonnement ?<\/strong><\/p>\n<ul>\n<li>1 projet artistique s\u00e9lectionn\u00e9 chaque mois par notre \u00e9quipe.<\/li>\n<li>Fournitures de haute qualit\u00e9 pour r\u00e9aliser le projet deux fois.<\/li>\n<li>Livret d\u2019instructions t\u00e9l\u00e9chargeables en couleur en <strong>fran\u00e7ais<\/strong>.<\/li>\n<li>Dessins t\u00e9l\u00e9chargeables.<\/li>\n<\/ul>\n<p><strong>Informations suppl\u00e9mentaires :<\/strong><\/p>\n<ul>\n<li>Votre abonnement peut \u00eatre annul\u00e9 \u00e0 tout moment.<\/li>\n<li>Votre premi\u00e8re bo\u00eete sera exp\u00e9di\u00e9e dans les sept premiers jours ouvrables suivant la date de votre achat.<\/li>\n<li>Vos fiches num\u00e9riques vous seront envoy\u00e9es par courriel d\u00e8s que votre paiement sera effectu\u00e9.<\/li>\n<\/ul>\n<p>NB. Le texte des fichiers num\u00e9riques est en <strong>fran\u00e7ais.<\/strong><\/p>\n<p>&nbsp;<\/p>","protected":false},"excerpt":{"rendered":"<p>Show us the magic you can make with our monthly ART IN A BOX subscription! Our carefully selected art projects will provide amazing opportunities for young blooming artists to explore various tools and materials to create art inspired by nature. Our art projects are inclusive and thoughtfully crafted for children of all abilities including special [&hellip;]<\/p>\n","protected":false},"featured_media":7406,"comment_status":"closed","ping_status":"closed","template":"","meta":{"_seopress_robots_primary_cat":"none","_seopress_titles_title":"","_seopress_titles_desc":"","_seopress_robots_index":""},"language":[89],"customer":[32],"product_brand":[],"product_cat":[25],"product_tag":[],"giftcard-category":[],"class_list":{"0":"post-7382","1":"product","2":"type-product","3":"status-publish","4":"has-post-thumbnail","6":"language-french-products","7":"customer-friends-family","8":"product_cat-art-activity-boxes","10":"first","11":"instock","12":"downloadable","13":"purchasable","14":"product-type-subscription"},"meta_box":[],"_links":{"self":[{"href":"https:\/\/littleboxofmagic.ca\/fr\/wp-json\/wp\/v2\/product\/7382","targetHints":{"allow":["GET"]}}],"collection":[{"href":"https:\/\/littleboxofmagic.ca\/fr\/wp-json\/wp\/v2\/product"}],"about":[{"href":"https:\/\/littleboxofmagic.ca\/fr\/wp-json\/wp\/v2\/types\/product"}],"replies":[{"embeddable":true,"href":"https:\/\/littleboxofmagic.ca\/fr\/wp-json\/wp\/v2\/comments?post=7382"}],"wp:featuredmedia":[{"embeddable":true,"href":"https:\/\/littleboxofmagic.ca\/fr\/wp-json\/wp\/v2\/media\/7406"}],"wp:attachment":[{"href":"https:\/\/littleboxofmagic.ca\/fr\/wp-json\/wp\/v2\/media?parent=7382"}],"wp:term":[{"taxonomy":"language","embeddable":true,"href":"https:\/\/littleboxofmagic.ca\/fr\/wp-json\/wp\/v2\/language?post=7382"},{"taxonomy":"customer","embeddable":true,"href":"https:\/\/littleboxofmagic.ca\/fr\/wp-json\/wp\/v2\/customer?post=7382"},{"taxonomy":"product_brand","embeddable":true,"href":"https:\/\/littleboxofmagic.ca\/fr\/wp-json\/wp\/v2\/product_brand?post=7382"},{"taxonomy":"product_cat","embeddable":true,"href":"https:\/\/littleboxofmagic.ca\/fr\/wp-json\/wp\/v2\/product_cat?post=7382"},{"taxonomy":"product_tag","embeddable":true,"href":"https:\/\/littleboxofmagic.ca\/fr\/wp-json\/wp\/v2\/product_tag?post=7382"},{"taxonomy":"giftcard-category","embeddable":true,"href":"https:\/\/littleboxofmagic.ca\/fr\/wp-json\/wp\/v2\/giftcard-category?post=7382"}],"curies":[{"name":"wp","href":"https:\/\/api.w.org\/{rel}","templated":true}]}}