{"id":7317,"date":"2024-03-26T09:40:54","date_gmt":"2024-03-26T13:40:54","guid":{"rendered":"https:\/\/wordpress-403092-4297956.cloudwaysapps.com\/?post_type=product&#038;p=7317"},"modified":"2024-04-25T13:55:27","modified_gmt":"2024-04-25T17:55:27","slug":"school-workshop","status":"publish","type":"product","link":"https:\/\/littleboxofmagic.ca\/fr\/product\/school-workshop\/","title":{"rendered":"Ateliers scolaires"},"content":{"rendered":"<p><strong>Cr\u00e9ez de la magie avec vos \u00e9l\u00e8ves et laissez-les donner libre cours \u00e0 l\u2019artiste qui sommeille en eux quel que soit leur niveau d\u2019habilet\u00e9!<\/strong> Little Box of Magic propose des ateliers scolaires de 60 \u00e0 90 minutes au cours desquels les \u00e9l\u00e8ves cr\u00e9ent leurs propres chefs-d'\u0153uvre en techniques mixtes en s'inspirant des \u0153uvres d'artistes c\u00e9l\u00e8bres. Nos ateliers s'adressent aux \u00e9l\u00e8ves de tous niveaux et leur permettent d'apprendre des techniques cr\u00e9atives simples qui les inspireront.<\/p>\n<p>Chaque atelier pr\u00e9sente un artiste fascinant \u00e0 d\u00e9couvrir, tout le mat\u00e9riel artistique pour mener \u00e0 bien l'activit\u00e9, ainsi que des instructions \u00e9tape par \u00e9tape en couleur avec pictogrammes que vous pouvez afficher sur votre t\u00e9l\u00e9viseur intelligent. \u00c0 vous de les conserver et d'en profiter bien au-del\u00e0 de notre visite !<\/p>\n<p>Renseignez-vous sur nos ateliers scolaires et recevez une description d\u00e9taill\u00e9e des projets artistiques disponibles dans votre r\u00e9gion en remplissant le formulaire ci-dessous.<\/p>\n<p>Les ateliers ne sont pas disponibles dans votre r\u00e9gion? Magasinez nos trousses \u00e9ducatives pour une solution cl\u00e9 en main!<\/p>\n<p><a class=\"btn\" href=\"https:\/\/littleboxofmagic.ca\/fr\/school-workshops\/\">Compl\u00e9ter le formulaire<\/a><\/p>","protected":false},"excerpt":{"rendered":"<p>Let your students\u2019 inner artist shine with different painting tools, mediums, and simple art techniques. Little Box of Magic offers 60-to-90-minute school workshops where students create their own mixed-media masterpieces inspired by the works of famous artists. Our workshops are for students of all abilities where they will learn easy creative techniques that will engage [&hellip;]<\/p>\n","protected":false},"featured_media":6606,"comment_status":"closed","ping_status":"closed","template":"","meta":{"_seopress_robots_primary_cat":"none","_seopress_titles_title":"","_seopress_titles_desc":"","_seopress_robots_index":""},"language":[88,89],"customer":[33],"product_brand":[],"product_cat":[50],"product_tag":[],"giftcard-category":[],"class_list":{"0":"post-7317","1":"product","2":"type-product","3":"status-publish","4":"has-post-thumbnail","6":"language-english-products","7":"language-french-products","8":"customer-educators-teachers","9":"product_cat-school-workshops","11":"first","12":"instock","13":"taxable","14":"shipping-taxable","15":"product-type-simple"},"meta_box":[],"_links":{"self":[{"href":"https:\/\/littleboxofmagic.ca\/fr\/wp-json\/wp\/v2\/product\/7317","targetHints":{"allow":["GET"]}}],"collection":[{"href":"https:\/\/littleboxofmagic.ca\/fr\/wp-json\/wp\/v2\/product"}],"about":[{"href":"https:\/\/littleboxofmagic.ca\/fr\/wp-json\/wp\/v2\/types\/product"}],"replies":[{"embeddable":true,"href":"https:\/\/littleboxofmagic.ca\/fr\/wp-json\/wp\/v2\/comments?post=7317"}],"wp:featuredmedia":[{"embeddable":true,"href":"https:\/\/littleboxofmagic.ca\/fr\/wp-json\/wp\/v2\/media\/6606"}],"wp:attachment":[{"href":"https:\/\/littleboxofmagic.ca\/fr\/wp-json\/wp\/v2\/media?parent=7317"}],"wp:term":[{"taxonomy":"language","embeddable":true,"href":"https:\/\/littleboxofmagic.ca\/fr\/wp-json\/wp\/v2\/language?post=7317"},{"taxonomy":"customer","embeddable":true,"href":"https:\/\/littleboxofmagic.ca\/fr\/wp-json\/wp\/v2\/customer?post=7317"},{"taxonomy":"product_brand","embeddable":true,"href":"https:\/\/littleboxofmagic.ca\/fr\/wp-json\/wp\/v2\/product_brand?post=7317"},{"taxonomy":"product_cat","embeddable":true,"href":"https:\/\/littleboxofmagic.ca\/fr\/wp-json\/wp\/v2\/product_cat?post=7317"},{"taxonomy":"product_tag","embeddable":true,"href":"https:\/\/littleboxofmagic.ca\/fr\/wp-json\/wp\/v2\/product_tag?post=7317"},{"taxonomy":"giftcard-category","embeddable":true,"href":"https:\/\/littleboxofmagic.ca\/fr\/wp-json\/wp\/v2\/giftcard-category?post=7317"}],"curies":[{"name":"wp","href":"https:\/\/api.w.org\/{rel}","templated":true}]}}