{"id":5002,"date":"2023-12-04T23:06:41","date_gmt":"2023-12-05T04:06:41","guid":{"rendered":"https:\/\/wordpress-403092-4297956.cloudwaysapps.com\/product\/famous-paintings-colouring-pages\/"},"modified":"2025-12-02T09:04:18","modified_gmt":"2025-12-02T14:04:18","slug":"famous-paintings-colouring-pages","status":"publish","type":"product","link":"https:\/\/littleboxofmagic.ca\/fr\/product\/famous-paintings-colouring-pages\/","title":{"rendered":"Famous Paintings Colouring Pages"},"content":{"rendered":"<p><span style=\"font-weight: 400;\">Encourage your child&#8217;s artistic journey with our fun coloring pages! Not only will they enjoy hours of entertainment, but they&#8217;ll also develop valuable skills along the way. Grab your crayons, markers, or colored pencils, and let the coloring adventure begin!<\/span><\/p>\n<p><span style=\"font-weight: 400;\">Get creative using wacky colours and colour your own version of these famous paintings and share them with us!<\/span><\/p>\n<p><span style=\"font-weight: 400;\">Whether it&#8217;s a rainy day, a birthday party, or a quiet afternoon at home, our coloring pages are a fantastic activity for kids of all ages. They can be printed at home, making them easily accessible for spontaneous fun or planned craft sessions.<\/span><\/p>\n<p><strong>Educational Benefits<\/strong><\/p>\n<p><span style=\"font-weight: 400;\">Coloring isn&#8217;t just fun; it also offers numerous educational benefits! As children fill in the lines with their favorite colors, they develop essential skills such as:<\/span><\/p>\n<ul>\n<li style=\"font-weight: 400;\" aria-level=\"1\"><b>Fine Motor Skills:<\/b><span style=\"font-weight: 400;\"> Gripping crayons and coloring within the lines helps improve hand-eye coordination and dexterity.<\/span><\/li>\n<li style=\"font-weight: 400;\" aria-level=\"1\"><b>Color Recognition: <\/b><span style=\"font-weight: 400;\">Kids learn to identify and differentiate between colors, enhancing their understanding of the color wheel.<\/span><\/li>\n<li style=\"font-weight: 400;\" aria-level=\"1\"><b>Creativity:<\/b><span style=\"font-weight: 400;\"> Each coloring page is a blank canvas for self-expression, allowing children to explore their artistic talents and develop their unique style.<\/span><\/li>\n<li style=\"font-weight: 400;\" aria-level=\"1\"><b>Focus and Patience:<\/b><span style=\"font-weight: 400;\"> Coloring requires concentration and attention to detail, teaching kids the value of patience as they complete their masterpieces.<\/span><\/li>\n<\/ul>\n<p><strong>Ce que vous recevrez :<\/strong><\/p>\n<p>Your purchase will include one PDF of 8 colouring pages of the following famous paintings: From Henri Matisse: The Horse, the Rider and the Clown, Icarus. From Claude Monet: Sunset in Venice. From Andy Warhol: Campbell\u2019s Soup Can. From Yayoi Kusama: Yangtze River, Mount Fuji, Mountain. From Vincent Van Gogh: Vase with Irises. All titles are in <strong>anglais<\/strong>.<\/p>\n<p><strong>\u00c0 noter qu'il s'agit d'un t\u00e9l\u00e9chargement num\u00e9rique. Aucun produit physique ou mat\u00e9riel ne sera exp\u00e9di\u00e9.<\/strong><\/p>","protected":false},"excerpt":{"rendered":"<p>Encourage your child&#8217;s artistic journey with our fun coloring pages! Not only will they enjoy hours of entertainment, but they&#8217;ll also develop valuable skills along the way. Grab your crayons, markers, or colored pencils, and let the coloring adventure begin! Get creative using wacky colours and colour your own version of these famous paintings and [&hellip;]<\/p>\n","protected":false},"featured_media":5003,"comment_status":"closed","ping_status":"closed","template":"","meta":{"_seopress_robots_primary_cat":"none","_seopress_titles_title":"","_seopress_titles_desc":"","_seopress_robots_index":""},"language":[88],"customer":[32],"product_brand":[],"product_cat":[27],"product_tag":[],"giftcard-category":[],"class_list":{"0":"post-5002","1":"product","2":"type-product","3":"status-publish","4":"has-post-thumbnail","6":"language-english-products","7":"customer-friends-family","8":"product_cat-digital-downloads-printables","10":"first","11":"instock","12":"downloadable","13":"virtual","14":"taxable","15":"purchasable","16":"product-type-simple"},"meta_box":[],"_links":{"self":[{"href":"https:\/\/littleboxofmagic.ca\/fr\/wp-json\/wp\/v2\/product\/5002","targetHints":{"allow":["GET"]}}],"collection":[{"href":"https:\/\/littleboxofmagic.ca\/fr\/wp-json\/wp\/v2\/product"}],"about":[{"href":"https:\/\/littleboxofmagic.ca\/fr\/wp-json\/wp\/v2\/types\/product"}],"replies":[{"embeddable":true,"href":"https:\/\/littleboxofmagic.ca\/fr\/wp-json\/wp\/v2\/comments?post=5002"}],"wp:featuredmedia":[{"embeddable":true,"href":"https:\/\/littleboxofmagic.ca\/fr\/wp-json\/wp\/v2\/media\/5003"}],"wp:attachment":[{"href":"https:\/\/littleboxofmagic.ca\/fr\/wp-json\/wp\/v2\/media?parent=5002"}],"wp:term":[{"taxonomy":"language","embeddable":true,"href":"https:\/\/littleboxofmagic.ca\/fr\/wp-json\/wp\/v2\/language?post=5002"},{"taxonomy":"customer","embeddable":true,"href":"https:\/\/littleboxofmagic.ca\/fr\/wp-json\/wp\/v2\/customer?post=5002"},{"taxonomy":"product_brand","embeddable":true,"href":"https:\/\/littleboxofmagic.ca\/fr\/wp-json\/wp\/v2\/product_brand?post=5002"},{"taxonomy":"product_cat","embeddable":true,"href":"https:\/\/littleboxofmagic.ca\/fr\/wp-json\/wp\/v2\/product_cat?post=5002"},{"taxonomy":"product_tag","embeddable":true,"href":"https:\/\/littleboxofmagic.ca\/fr\/wp-json\/wp\/v2\/product_tag?post=5002"},{"taxonomy":"giftcard-category","embeddable":true,"href":"https:\/\/littleboxofmagic.ca\/fr\/wp-json\/wp\/v2\/giftcard-category?post=5002"}],"curies":[{"name":"wp","href":"https:\/\/api.w.org\/{rel}","templated":true}]}}