{"id":4968,"date":"2023-11-21T18:57:59","date_gmt":"2023-11-21T23:57:59","guid":{"rendered":"https:\/\/wordpress-403092-4297956.cloudwaysapps.com\/product\/sponge-brush\/"},"modified":"2025-05-19T13:53:56","modified_gmt":"2025-05-19T17:53:56","slug":"sponge-brush","status":"publish","type":"product","link":"https:\/\/littleboxofmagic.ca\/fr\/product\/sponge-brush\/","title":{"rendered":"Pinceaux en mousse"},"content":{"rendered":"<p>Pinceau en mousse rose r\u00e9utilisable de 2 cm de diam\u00e8tre avec manche en bois. \u00c0 utiliser avec de la gouache liquide ou de la peinture \u00e0 paillettes. L'\u00e9ponge est lavable \u00e0 l'aide d'un savon doux sous l'eau ti\u00e8de. Paquet de 3. Non comestible \u00c2ge : 4+<\/p>\n<p>Age: +4<\/p>","protected":false},"excerpt":{"rendered":"<p>2 cm round, reusable, pink sponge brushes with wooden handles. To be used with liquid tempera or glitter paint. The sponge is washable using a mild soap under warm water. Pack of 3. Non-edible. Age: +4<\/p>","protected":false},"featured_media":7508,"comment_status":"closed","ping_status":"closed","template":"","meta":{"_seopress_robots_primary_cat":"none","_seopress_titles_title":"","_seopress_titles_desc":"","_seopress_robots_index":"","_seopress_analysis_target_kw":""},"language":[88,89],"customer":[33,32],"product_brand":[],"product_cat":[26],"product_tag":[],"giftcard-category":[],"class_list":{"0":"post-4968","1":"product","2":"type-product","3":"status-publish","4":"has-post-thumbnail","6":"language-english-products","7":"language-french-products","8":"customer-educators-teachers","9":"customer-friends-family","10":"product_cat-art-supplies-tools","12":"first","13":"instock","14":"purchasable","15":"product-type-simple"},"meta_box":[],"_links":{"self":[{"href":"https:\/\/littleboxofmagic.ca\/fr\/wp-json\/wp\/v2\/product\/4968","targetHints":{"allow":["GET"]}}],"collection":[{"href":"https:\/\/littleboxofmagic.ca\/fr\/wp-json\/wp\/v2\/product"}],"about":[{"href":"https:\/\/littleboxofmagic.ca\/fr\/wp-json\/wp\/v2\/types\/product"}],"replies":[{"embeddable":true,"href":"https:\/\/littleboxofmagic.ca\/fr\/wp-json\/wp\/v2\/comments?post=4968"}],"wp:featuredmedia":[{"embeddable":true,"href":"https:\/\/littleboxofmagic.ca\/fr\/wp-json\/wp\/v2\/media\/7508"}],"wp:attachment":[{"href":"https:\/\/littleboxofmagic.ca\/fr\/wp-json\/wp\/v2\/media?parent=4968"}],"wp:term":[{"taxonomy":"language","embeddable":true,"href":"https:\/\/littleboxofmagic.ca\/fr\/wp-json\/wp\/v2\/language?post=4968"},{"taxonomy":"customer","embeddable":true,"href":"https:\/\/littleboxofmagic.ca\/fr\/wp-json\/wp\/v2\/customer?post=4968"},{"taxonomy":"product_brand","embeddable":true,"href":"https:\/\/littleboxofmagic.ca\/fr\/wp-json\/wp\/v2\/product_brand?post=4968"},{"taxonomy":"product_cat","embeddable":true,"href":"https:\/\/littleboxofmagic.ca\/fr\/wp-json\/wp\/v2\/product_cat?post=4968"},{"taxonomy":"product_tag","embeddable":true,"href":"https:\/\/littleboxofmagic.ca\/fr\/wp-json\/wp\/v2\/product_tag?post=4968"},{"taxonomy":"giftcard-category","embeddable":true,"href":"https:\/\/littleboxofmagic.ca\/fr\/wp-json\/wp\/v2\/giftcard-category?post=4968"}],"curies":[{"name":"wp","href":"https:\/\/api.w.org\/{rel}","templated":true}]}}