{"id":4948,"date":"2023-11-21T17:18:27","date_gmt":"2023-11-21T22:18:27","guid":{"rendered":"https:\/\/wordpress-403092-4297956.cloudwaysapps.com\/product\/caribbean-christmas-teacher-digital-download\/"},"modified":"2025-12-02T09:04:38","modified_gmt":"2025-12-02T14:04:38","slug":"caribbean-christmas-teacher-digital-download","status":"publish","type":"product","link":"https:\/\/littleboxofmagic.ca\/fr\/product\/caribbean-christmas-teacher-digital-download\/","title":{"rendered":"Caribbean Christmas Teacher Digital Art Project"},"content":{"rendered":"<p><strong>\ud83c\udf84\ud83c\udf85\ufe0f<\/strong><strong> Pr\u00e9parez-vous \u00e0 une activit\u00e9 artistique de No\u00ebl magique ! <\/strong><strong>\ud83c\udfa8\ud83c\udf81<\/strong><\/p>\n<p>Appel \u00e0 tous les enseignants ! \ud83d\udcda\ud83c\udf89 Vous cherchez un moyen amusant et engageant d'apporter un peu de joie de No\u00ebl dans votre classe ? \ud83c\udf84 Nous avons ce qu'il vous faut ! \ud83c\udf81<\/p>\n<p><iframe loading=\"lazy\" title=\"Caribbean Christmas Workshop | Little Box of Magic\" width=\"500\" height=\"281\" src=\"https:\/\/www.youtube.com\/embed\/G8iNQbuSI5Q?feature=oembed\" frameborder=\"0\" allow=\"accelerometer; autoplay; clipboard-write; encrypted-media; gyroscope; picture-in-picture; web-share\" referrerpolicy=\"strict-origin-when-cross-origin\" allowfullscreen><\/iframe><\/p>\n<p>Nous vous pr\u00e9sentons notre activit\u00e9 artistique interactive de No\u00ebl, con\u00e7ue sp\u00e9cialement pour \u00eatre projet\u00e9e sur votre tableau num\u00e9rique ! \ud83d\udcfa Cette activit\u00e9 festive est remplie de possibilit\u00e9s d'apprentissage amusantes, garantissant que vos \u00e9l\u00e8ves s'amusent tout en d\u00e9veloppant leurs comp\u00e9tences cr\u00e9atives. \ud83c\udfa8<\/p>\n<p><strong>Ce que vous obtiendrez dans votre guide d'enseignement :<\/strong><\/p>\n<ul>\n<li><strong>\u00c9l\u00e9ments d'apprentissage :<\/strong>S'alignent sur les objectifs de votre programme d'\u00e9tudes.<\/li>\n<li><strong>Objectifs p\u00e9dagogiques :<\/strong>Des r\u00e9sultats clairs et r\u00e9alisables.<\/li>\n<li><strong>\u00c9tapes faciles \u00e0 suivre :<\/strong>La mise en \u0153uvre est un jeu d'enfant.<\/li>\n<li><strong>Activit\u00e9s d\u2019enrichissement :<\/strong>Pour se divertir encore plus !<\/li>\n<li><strong>Grille d'\u00e9valuation :<\/strong>Suivez facilement les progr\u00e8s des \u00e9l\u00e8ves.<\/li>\n<li><strong>Croquis notes et pages \u00e0 colorier :<\/strong>Favorisent la cr\u00e9ativit\u00e9 et la d\u00e9tente.<\/li>\n<\/ul>\n<p><strong>Rendez cette p\u00e9riode de No\u00ebl inoubliable pour vos \u00e9l\u00e8ves ! <\/strong><strong>\ud83c\udf85\ufe0f\u2764\ufe0f<\/strong><\/p>\n<p><strong>T\u00e9l\u00e9chargez maintenant<\/strong> et pr\u00e9parez-vous \u00e0 r\u00e9pandre la joie et la cr\u00e9ativit\u00e9 dans votre classe !<\/p>\n<p>Ce fichier num\u00e9rique inclut \u00e9galement une activit\u00e9 d\u2019enrichissement sur le dessinateur am\u00e9ricain Charles M. Schulz.<\/p>\n<p><strong>Participation de l'enseignant : Soutien constant<\/strong><\/p>\n<p>Ce projet artistique inclusif est con\u00e7u pour tous les enfants du pr\u00e9scolaire, primaire, ainsi que pour les enfants et les adolescents atteints de d\u00e9ficiences intellectuelles l\u00e9g\u00e8res \u00e0 mod\u00e9r\u00e9es.<\/p>\n<p><span style=\"color: #5386c5;\">DISPONIBLE COMME <em><a href=\"https:\/\/littleboxofmagic.ca\/fr\/produit\/school-workshop\/\"><strong>ATELIER SCOLAIRE<\/strong><\/a> <\/em>DANS LA GRANDE R\u00c9GION DE MONTR\u00c9AL<\/span><\/p>\n<p><strong>Ce que vous recevrez :<\/strong><\/p>\n<p>Votre achat comprend un fichier PDF des instructions (26 pages) et un fichier PDF du guide de l\u2019enseignant (16 pages) en anglais.<\/p>\n<p>\u00c0 noter qu'il s'agit d'un t\u00e9l\u00e9chargement num\u00e9rique. Aucun produit physique ou mat\u00e9riel ne sera exp\u00e9di\u00e9.<\/p>\n<p><strong>*Mat\u00e9riel n\u00e9cessaire :<\/strong> <strong>Papier multi-technique, peinture \u00e0 aquarelle liquide ou en pastille (la gouache en pain donnera des r\u00e9sultats similaires), gouache liquide, pinceaux, palette en plastique et bol d\u2019eau, coton-tiges, paillettes (facultatif). <\/strong><\/p>\n<p><strong>*Notez que le mat\u00e9riel n\u2019est pas inclus avec votre achat.<\/strong><\/p>","protected":false},"excerpt":{"rendered":"<p>\ud83c\udf84\ud83c\udf85\ufe0f Get Ready for a Magical Christmas Art Activity! \ud83c\udfa8\ud83c\udf81 Calling all teachers! \ud83d\udcda\ud83c\udf89 Are you looking for a fun and engaging way to bring some holiday cheer into your classroom? \ud83c\udf84 We&#8217;ve got you covered! \ud83c\udf81 Introducing our interactive Christmas art activity, designed specifically for you to project on your smartboard! \ud83d\udcfa This festive [&hellip;]<\/p>\n","protected":false},"featured_media":8050,"comment_status":"closed","ping_status":"closed","template":"","meta":{"_seopress_robots_primary_cat":"none","_seopress_titles_title":"","_seopress_titles_desc":"","_seopress_robots_index":""},"language":[88],"customer":[33],"product_brand":[],"product_cat":[27],"product_tag":[],"giftcard-category":[],"class_list":{"0":"post-4948","1":"product","2":"type-product","3":"status-publish","4":"has-post-thumbnail","6":"language-english-products","7":"customer-educators-teachers","8":"product_cat-digital-downloads-printables","10":"first","11":"instock","12":"downloadable","13":"virtual","14":"purchasable","15":"product-type-simple"},"meta_box":[],"_links":{"self":[{"href":"https:\/\/littleboxofmagic.ca\/fr\/wp-json\/wp\/v2\/product\/4948","targetHints":{"allow":["GET"]}}],"collection":[{"href":"https:\/\/littleboxofmagic.ca\/fr\/wp-json\/wp\/v2\/product"}],"about":[{"href":"https:\/\/littleboxofmagic.ca\/fr\/wp-json\/wp\/v2\/types\/product"}],"replies":[{"embeddable":true,"href":"https:\/\/littleboxofmagic.ca\/fr\/wp-json\/wp\/v2\/comments?post=4948"}],"wp:featuredmedia":[{"embeddable":true,"href":"https:\/\/littleboxofmagic.ca\/fr\/wp-json\/wp\/v2\/media\/8050"}],"wp:attachment":[{"href":"https:\/\/littleboxofmagic.ca\/fr\/wp-json\/wp\/v2\/media?parent=4948"}],"wp:term":[{"taxonomy":"language","embeddable":true,"href":"https:\/\/littleboxofmagic.ca\/fr\/wp-json\/wp\/v2\/language?post=4948"},{"taxonomy":"customer","embeddable":true,"href":"https:\/\/littleboxofmagic.ca\/fr\/wp-json\/wp\/v2\/customer?post=4948"},{"taxonomy":"product_brand","embeddable":true,"href":"https:\/\/littleboxofmagic.ca\/fr\/wp-json\/wp\/v2\/product_brand?post=4948"},{"taxonomy":"product_cat","embeddable":true,"href":"https:\/\/littleboxofmagic.ca\/fr\/wp-json\/wp\/v2\/product_cat?post=4948"},{"taxonomy":"product_tag","embeddable":true,"href":"https:\/\/littleboxofmagic.ca\/fr\/wp-json\/wp\/v2\/product_tag?post=4948"},{"taxonomy":"giftcard-category","embeddable":true,"href":"https:\/\/littleboxofmagic.ca\/fr\/wp-json\/wp\/v2\/giftcard-category?post=4948"}],"curies":[{"name":"wp","href":"https:\/\/api.w.org\/{rel}","templated":true}]}}