{"id":4846,"date":"2023-11-14T18:51:19","date_gmt":"2023-11-14T23:51:19","guid":{"rendered":"https:\/\/wordpress-403092-4297956.cloudwaysapps.com\/product\/ocean-wave-digital-download\/"},"modified":"2025-12-02T09:05:54","modified_gmt":"2025-12-02T14:05:54","slug":"ocean-wave-digital-download","status":"publish","type":"product","link":"https:\/\/littleboxofmagic.ca\/fr\/product\/ocean-wave-digital-download\/","title":{"rendered":"Ocean Wave Digital Download"},"content":{"rendered":"<p><strong>Donne libre cours \u00e0 l\u2019artiste qui sommeille en toi !<\/strong> ! En suivant nos instructions \u00e9tape par \u00e9tape, tu r\u00e9aliseras une superbe composition aux techniques mixtes d\u2019une vague de l\u2019oc\u00e9an \u00e0 l\u2019aide de diff\u00e9rents types d\u2019outils de peinture et de techniques artistiques simples. Tu peux utiliser le mat\u00e9riel \u00e0 ta guise pour cr\u00e9er ton unique version abstraite. Cette activit\u00e9 est con\u00e7ue pour t\u2019aider \u00e0 am\u00e9liorer tes comp\u00e9tences en mati\u00e8re d\u2019organisation et de planification tout en cr\u00e9ant des \u0153uvres d\u2019art inspir\u00e9es de la nature. Sois color\u00e9 et amuse-toi!<\/p>\n<p>Con\u00e7ue pour les enfants pr\u00e9sentant des d\u00e9ficiences intellectuelles mod\u00e9r\u00e9es \u00e0 s\u00e9v\u00e8res.<\/p>\n<p>Surveillance parentale constante requise.<\/p>\n<p>Niveau de difficult\u00e9 : Mod\u00e9r\u00e9<\/p>\n<p><strong>Ce que vous recevrez :<\/strong><\/p>\n<p>Ton achat comprendra un fichier PDF des instructions (20 pages), un fichier PDF de notre dessin de Monet (2 pages), un fichier de notre dessin de The Great Wave (2 pages) et un gabarit d\u2019une vague (1 page). \u00c0 noter qu'il s'agit d'un t\u00e9l\u00e9chargement num\u00e9rique. Aucun produit physique ou mat\u00e9riel ne sera exp\u00e9di\u00e9.<\/p>\n<p><strong>Mat\u00e9riel n\u00e9cessaire :<\/strong> <strong>Papier multi-technique,<\/strong> <strong>gouache liquide, peinture \u00e0 paillettes, peinture ou crayons \u00e0 aquarelle, ensemble de pinceaux, tampons en caoutchouc ou papier bulle, palette de peinture et colle.<\/strong><\/p>\n<p><strong>*Notez que ce mat\u00e9riel n\u2019est pas inclus avec cet achat.<\/strong><\/p>","protected":false},"excerpt":{"rendered":"<p>Let the artist in you shine! By following our step-by-step instructions, you will create a beautiful mixed media composition of an ocean wave using different types of painting tools, mediums and simple art techniques. You can also use the materials as you please for an abstract version of your masterpiece. In addition, you will learn [&hellip;]<\/p>\n","protected":false},"featured_media":8222,"comment_status":"closed","ping_status":"closed","template":"","meta":{"_seopress_robots_primary_cat":"none","_seopress_titles_title":"","_seopress_titles_desc":"","_seopress_robots_index":""},"language":[88],"customer":[32],"product_brand":[],"product_cat":[27],"product_tag":[],"giftcard-category":[],"class_list":{"0":"post-4846","1":"product","2":"type-product","3":"status-publish","4":"has-post-thumbnail","6":"language-english-products","7":"customer-friends-family","8":"product_cat-digital-downloads-printables","10":"first","11":"instock","12":"downloadable","13":"virtual","14":"purchasable","15":"product-type-simple"},"meta_box":[],"_links":{"self":[{"href":"https:\/\/littleboxofmagic.ca\/fr\/wp-json\/wp\/v2\/product\/4846","targetHints":{"allow":["GET"]}}],"collection":[{"href":"https:\/\/littleboxofmagic.ca\/fr\/wp-json\/wp\/v2\/product"}],"about":[{"href":"https:\/\/littleboxofmagic.ca\/fr\/wp-json\/wp\/v2\/types\/product"}],"replies":[{"embeddable":true,"href":"https:\/\/littleboxofmagic.ca\/fr\/wp-json\/wp\/v2\/comments?post=4846"}],"wp:featuredmedia":[{"embeddable":true,"href":"https:\/\/littleboxofmagic.ca\/fr\/wp-json\/wp\/v2\/media\/8222"}],"wp:attachment":[{"href":"https:\/\/littleboxofmagic.ca\/fr\/wp-json\/wp\/v2\/media?parent=4846"}],"wp:term":[{"taxonomy":"language","embeddable":true,"href":"https:\/\/littleboxofmagic.ca\/fr\/wp-json\/wp\/v2\/language?post=4846"},{"taxonomy":"customer","embeddable":true,"href":"https:\/\/littleboxofmagic.ca\/fr\/wp-json\/wp\/v2\/customer?post=4846"},{"taxonomy":"product_brand","embeddable":true,"href":"https:\/\/littleboxofmagic.ca\/fr\/wp-json\/wp\/v2\/product_brand?post=4846"},{"taxonomy":"product_cat","embeddable":true,"href":"https:\/\/littleboxofmagic.ca\/fr\/wp-json\/wp\/v2\/product_cat?post=4846"},{"taxonomy":"product_tag","embeddable":true,"href":"https:\/\/littleboxofmagic.ca\/fr\/wp-json\/wp\/v2\/product_tag?post=4846"},{"taxonomy":"giftcard-category","embeddable":true,"href":"https:\/\/littleboxofmagic.ca\/fr\/wp-json\/wp\/v2\/giftcard-category?post=4846"}],"curies":[{"name":"wp","href":"https:\/\/api.w.org\/{rel}","templated":true}]}}