{"id":10442,"date":"2026-04-16T17:32:51","date_gmt":"2026-04-16T21:32:51","guid":{"rendered":"https:\/\/littleboxofmagic.ca\/?post_type=product&#038;p=10442"},"modified":"2026-04-16T17:43:28","modified_gmt":"2026-04-16T21:43:28","slug":"magic-of-romero-britto-digital-download","status":"publish","type":"product","link":"https:\/\/littleboxofmagic.ca\/fr\/product\/magic-of-romero-britto-digital-download\/","title":{"rendered":"Projet artistique num\u00e9rique La magie de Romero Britto"},"content":{"rendered":"<p><strong>D\u00e9couvrez la magie de Britto : une aventure pop art haute en couleurs !<\/strong><\/p>\n<p>Faites entrer des couleurs \u00e9clatantes, des formes joyeuses et une belle dose de cr\u00e9ativit\u00e9 \u00e0 la maison gr\u00e2ce \u00e0 cette activit\u00e9 artistique dynamique et accessible, inspir\u00e9e du style iconique de Romero Britto !<\/p>\n<p>Dans ce projet, les enfants plongent dans l\u2019univers color\u00e9 de Britto en explorant motifs ludiques, contours audacieux et compositions \u00e9clat\u00e9es, pour cr\u00e9er leur propre \u0153uvre pop art remplie de c\u0153urs, de formes et de personnalit\u00e9.<\/p>\n<p><strong>\ud83d\udc9b<\/strong><strong> Parfait pour les enfants qui aiment :<\/strong><\/p>\n<ul>\n<li>Les couleurs vives et les motifs amusants<\/li>\n<li>La libert\u00e9 de cr\u00e9er<\/li>\n<li>Les projets artistiques amusants et valorisants<\/li>\n<\/ul>\n<p>Ce n\u2019est pas juste du bricolage : c\u2019est de la confiance, de la cr\u00e9ativit\u00e9 et de la fiert\u00e9\u2026 sur papier !<\/p>\n<p><strong>Ce que vous recevrez :<\/strong><\/p>\n<p>Votre achat comprend un guide d\u2019instructions illustr\u00e9 \u00e9tape par \u00e9tape (PDF), des gabarits et dessins imprimables, une page \u00e0 colorier en bonus.<\/p>\n<p>*Veuillez noter qu\u2019il s\u2019agit d\u2019un produit num\u00e9rique. Aucun mat\u00e9riel ou produit physique ne sera exp\u00e9di\u00e9.<\/p>\n<p><strong>Mat\u00e9riel n\u00e9cessaire :<\/strong> <strong>*Papier multim\u00e9dia, pastels \u00e0 l\u2019huile ou crayons-feutres, gouache, marqueur noir (type Sharpie).<\/strong><\/p>\n<p>&nbsp;<\/p>","protected":false},"excerpt":{"rendered":"<p>Discover the Magic of Romero Britto: A Colourful Pop Art Adventure! Bring bold colours, happy shapes, and joyful creativity into your home with this vibrant, hands-on art activity inspired by the iconic style of Romero Britto! In this experience, kids will explore Britto\u2019s world of bright colours, playful patterns, and bold outlines as they create [&hellip;]<\/p>\n","protected":false},"featured_media":10437,"comment_status":"closed","ping_status":"closed","template":"","meta":{"_seopress_robots_primary_cat":"none","_seopress_titles_title":"Magic of Romero Britto | Printable Kids Art Activity & Painting Lesson","_seopress_titles_desc":"Colourful kids art activity inspired by Romero Britto! A fun, printable pop art project with step-by-step instructions\u2014perfect for creative play at home.","_seopress_robots_index":""},"language":[88],"customer":[],"product_brand":[],"product_cat":[27],"product_tag":[143],"giftcard-category":[],"class_list":{"0":"post-10442","1":"product","2":"type-product","3":"status-publish","4":"has-post-thumbnail","6":"language-english-products","7":"product_cat-digital-downloads-printables","8":"product_tag-featured-home","10":"first","11":"instock","12":"downloadable","13":"virtual","14":"purchasable","15":"product-type-simple"},"meta_box":[],"_links":{"self":[{"href":"https:\/\/littleboxofmagic.ca\/fr\/wp-json\/wp\/v2\/product\/10442","targetHints":{"allow":["GET"]}}],"collection":[{"href":"https:\/\/littleboxofmagic.ca\/fr\/wp-json\/wp\/v2\/product"}],"about":[{"href":"https:\/\/littleboxofmagic.ca\/fr\/wp-json\/wp\/v2\/types\/product"}],"replies":[{"embeddable":true,"href":"https:\/\/littleboxofmagic.ca\/fr\/wp-json\/wp\/v2\/comments?post=10442"}],"wp:featuredmedia":[{"embeddable":true,"href":"https:\/\/littleboxofmagic.ca\/fr\/wp-json\/wp\/v2\/media\/10437"}],"wp:attachment":[{"href":"https:\/\/littleboxofmagic.ca\/fr\/wp-json\/wp\/v2\/media?parent=10442"}],"wp:term":[{"taxonomy":"language","embeddable":true,"href":"https:\/\/littleboxofmagic.ca\/fr\/wp-json\/wp\/v2\/language?post=10442"},{"taxonomy":"customer","embeddable":true,"href":"https:\/\/littleboxofmagic.ca\/fr\/wp-json\/wp\/v2\/customer?post=10442"},{"taxonomy":"product_brand","embeddable":true,"href":"https:\/\/littleboxofmagic.ca\/fr\/wp-json\/wp\/v2\/product_brand?post=10442"},{"taxonomy":"product_cat","embeddable":true,"href":"https:\/\/littleboxofmagic.ca\/fr\/wp-json\/wp\/v2\/product_cat?post=10442"},{"taxonomy":"product_tag","embeddable":true,"href":"https:\/\/littleboxofmagic.ca\/fr\/wp-json\/wp\/v2\/product_tag?post=10442"},{"taxonomy":"giftcard-category","embeddable":true,"href":"https:\/\/littleboxofmagic.ca\/fr\/wp-json\/wp\/v2\/giftcard-category?post=10442"}],"curies":[{"name":"wp","href":"https:\/\/api.w.org\/{rel}","templated":true}]}}